{"id":877,"date":"2024-11-11T15:58:26","date_gmt":"2024-11-11T15:58:26","guid":{"rendered":"https:\/\/pirenifoto.info\/boutique\/?post_type=product&#038;p=877"},"modified":"2025-07-12T15:58:47","modified_gmt":"2025-07-12T15:58:47","slug":"affiche-photo-ibon-respomoso","status":"publish","type":"product","link":"https:\/\/pirenifoto.info\/boutique\/produit\/affiche-photo-ibon-respomoso\/","title":{"rendered":"affiche-photo-ibon-respomoso"},"content":{"rendered":"<p><img data-recalc-dims=\"1\" loading=\"lazy\" decoding=\"async\" class=\"alignnone size-medium wp-image-871\" src=\"https:\/\/i0.wp.com\/pirenifoto.info\/boutique\/wp-content\/uploads\/2024\/11\/affiche-Respomoso.jpg?resize=197%2C300&#038;ssl=1\" alt=\"\" width=\"197\" height=\"300\" srcset=\"https:\/\/i0.wp.com\/pirenifoto.info\/boutique\/wp-content\/uploads\/2024\/11\/affiche-Respomoso.jpg?resize=197%2C300&amp;ssl=1 197w, https:\/\/i0.wp.com\/pirenifoto.info\/boutique\/wp-content\/uploads\/2024\/11\/affiche-Respomoso.jpg?w=414&amp;ssl=1 414w\" sizes=\"auto, (max-width: 197px) 100vw, 197px\" \/><\/p>\n","protected":false},"excerpt":{"rendered":"<p>Affiche photo format 30 x 45 cm &#8211; ibon de Respomoso &#8211; livraison gratuite<\/p>\n","protected":false},"featured_media":871,"comment_status":"closed","ping_status":"closed","template":"","meta":[],"product_brand":[],"product_cat":[194],"product_tag":[],"class_list":{"0":"post-877","1":"product","2":"type-product","3":"status-publish","4":"has-post-thumbnail","6":"product_cat-affiches","8":"first","9":"instock","10":"taxable","11":"shipping-taxable","12":"purchasable","13":"product-type-simple"},"yoast_head":"<!-- This site is optimized with the Yoast SEO plugin v27.3 - https:\/\/yoast.com\/product\/yoast-seo-wordpress\/ -->\n<title>affiche-photo-ibon-respomoso - Photos grands formats des Pyr\u00e9n\u00e9es<\/title>\n<meta name=\"description\" content=\"Affiche poster photo avec donn\u00e9es GPS de l\u2019ibon de Respomoso en Aragon Une id\u00e9e cadeau originale \u00e0 offrir - format 30 x 45 cm\" \/>\n<meta name=\"robots\" content=\"index, follow, max-snippet:-1, max-image-preview:large, max-video-preview:-1\" \/>\n<link rel=\"canonical\" href=\"https:\/\/pirenifoto.info\/boutique\/produit\/affiche-photo-ibon-respomoso\/\" \/>\n<meta property=\"og:locale\" content=\"fr_FR\" \/>\n<meta property=\"og:type\" content=\"article\" \/>\n<meta property=\"og:title\" content=\"affiche-photo-ibon-respomoso - Photos grands formats des Pyr\u00e9n\u00e9es\" \/>\n<meta property=\"og:description\" content=\"Affiche poster photo avec donn\u00e9es GPS de l\u2019ibon de Respomoso en Aragon Une id\u00e9e cadeau originale \u00e0 offrir - format 30 x 45 cm\" \/>\n<meta property=\"og:url\" content=\"https:\/\/pirenifoto.info\/boutique\/produit\/affiche-photo-ibon-respomoso\/\" \/>\n<meta property=\"og:site_name\" content=\"Photos grands formats des Pyr\u00e9n\u00e9es\" \/>\n<meta property=\"article:modified_time\" content=\"2025-07-12T15:58:47+00:00\" \/>\n<meta property=\"og:image\" content=\"https:\/\/pirenifoto.info\/boutique\/wp-content\/uploads\/2024\/11\/affiche-Respomoso.jpg\" \/>\n\t<meta property=\"og:image:width\" content=\"414\" \/>\n\t<meta property=\"og:image:height\" content=\"630\" \/>\n\t<meta property=\"og:image:type\" content=\"image\/jpeg\" \/>\n<meta name=\"twitter:card\" content=\"summary_large_image\" \/>\n<meta name=\"twitter:site\" content=\"@pirenifoto\" \/>\n<meta name=\"twitter:label1\" content=\"Dur\u00e9e de lecture estim\u00e9e\" \/>\n\t<meta name=\"twitter:data1\" content=\"1 minute\" \/>\n<!-- \/ Yoast SEO plugin. -->","yoast_head_json":{"title":"affiche-photo-ibon-respomoso - Photos grands formats des Pyr\u00e9n\u00e9es","description":"Affiche poster photo avec donn\u00e9es GPS de l\u2019ibon de Respomoso en Aragon Une id\u00e9e cadeau originale \u00e0 offrir - format 30 x 45 cm","robots":{"index":"index","follow":"follow","max-snippet":"max-snippet:-1","max-image-preview":"max-image-preview:large","max-video-preview":"max-video-preview:-1"},"canonical":"https:\/\/pirenifoto.info\/boutique\/produit\/affiche-photo-ibon-respomoso\/","og_locale":"fr_FR","og_type":"article","og_title":"affiche-photo-ibon-respomoso - Photos grands formats des Pyr\u00e9n\u00e9es","og_description":"Affiche poster photo avec donn\u00e9es GPS de l\u2019ibon de Respomoso en Aragon Une id\u00e9e cadeau originale \u00e0 offrir - format 30 x 45 cm","og_url":"https:\/\/pirenifoto.info\/boutique\/produit\/affiche-photo-ibon-respomoso\/","og_site_name":"Photos grands formats des Pyr\u00e9n\u00e9es","article_modified_time":"2025-07-12T15:58:47+00:00","og_image":[{"width":414,"height":630,"url":"https:\/\/pirenifoto.info\/boutique\/wp-content\/uploads\/2024\/11\/affiche-Respomoso.jpg","type":"image\/jpeg"}],"twitter_card":"summary_large_image","twitter_site":"@pirenifoto","twitter_misc":{"Dur\u00e9e de lecture estim\u00e9e":"1 minute"},"schema":{"@context":"https:\/\/schema.org","@graph":[{"@type":["WebPage","ItemPage"],"@id":"https:\/\/pirenifoto.info\/boutique\/produit\/affiche-photo-ibon-respomoso\/","url":"https:\/\/pirenifoto.info\/boutique\/produit\/affiche-photo-ibon-respomoso\/","name":"affiche-photo-ibon-respomoso - Photos grands formats des Pyr\u00e9n\u00e9es","isPartOf":{"@id":"https:\/\/pirenifoto.info\/boutique\/#website"},"primaryImageOfPage":{"@id":"https:\/\/pirenifoto.info\/boutique\/produit\/affiche-photo-ibon-respomoso\/#primaryimage"},"image":{"@id":"https:\/\/pirenifoto.info\/boutique\/produit\/affiche-photo-ibon-respomoso\/#primaryimage"},"thumbnailUrl":"https:\/\/i0.wp.com\/pirenifoto.info\/boutique\/wp-content\/uploads\/2024\/11\/affiche-Respomoso.jpg?fit=414%2C630&ssl=1","datePublished":"2024-11-11T15:58:26+00:00","dateModified":"2025-07-12T15:58:47+00:00","description":"Affiche poster photo avec donn\u00e9es GPS de l\u2019ibon de Respomoso en Aragon Une id\u00e9e cadeau originale \u00e0 offrir - format 30 x 45 cm","breadcrumb":{"@id":"https:\/\/pirenifoto.info\/boutique\/produit\/affiche-photo-ibon-respomoso\/#breadcrumb"},"inLanguage":"fr-FR","potentialAction":[{"@type":"ReadAction","target":["https:\/\/pirenifoto.info\/boutique\/produit\/affiche-photo-ibon-respomoso\/"]}]},{"@type":"ImageObject","inLanguage":"fr-FR","@id":"https:\/\/pirenifoto.info\/boutique\/produit\/affiche-photo-ibon-respomoso\/#primaryimage","url":"https:\/\/i0.wp.com\/pirenifoto.info\/boutique\/wp-content\/uploads\/2024\/11\/affiche-Respomoso.jpg?fit=414%2C630&ssl=1","contentUrl":"https:\/\/i0.wp.com\/pirenifoto.info\/boutique\/wp-content\/uploads\/2024\/11\/affiche-Respomoso.jpg?fit=414%2C630&ssl=1","width":414,"height":630},{"@type":"BreadcrumbList","@id":"https:\/\/pirenifoto.info\/boutique\/produit\/affiche-photo-ibon-respomoso\/#breadcrumb","itemListElement":[{"@type":"ListItem","position":1,"name":"Accueil","item":"https:\/\/pirenifoto.info\/boutique\/"},{"@type":"ListItem","position":2,"name":"Boutique photos des Pyr\u00e9n\u00e9es","item":"https:\/\/pirenifoto.info\/boutique\/"},{"@type":"ListItem","position":3,"name":"affiche photo g\u00e9olocalis\u00e9e dans les Pyr\u00e9n\u00e9es","item":"https:\/\/pirenifoto.info\/boutique\/photo\/affiches\/"},{"@type":"ListItem","position":4,"name":"affiche-photo-ibon-respomoso"}]},{"@type":"WebSite","@id":"https:\/\/pirenifoto.info\/boutique\/#website","url":"https:\/\/pirenifoto.info\/boutique\/","name":"pirenifoto.info\/boutique","description":"Pirenifoto - Christophe de Prada","publisher":{"@id":"https:\/\/pirenifoto.info\/boutique\/#organization"},"alternateName":"boutique photo Pirenifoto","potentialAction":[{"@type":"SearchAction","target":{"@type":"EntryPoint","urlTemplate":"https:\/\/pirenifoto.info\/boutique\/?s={search_term_string}"},"query-input":{"@type":"PropertyValueSpecification","valueRequired":true,"valueName":"search_term_string"}}],"inLanguage":"fr-FR"},{"@type":"Organization","@id":"https:\/\/pirenifoto.info\/boutique\/#organization","name":"Photos grands formats des Pyr\u00e9n\u00e9es","alternateName":"photos des Pyr\u00e9n\u00e9es par Christophe de Prada","url":"https:\/\/pirenifoto.info\/boutique\/","logo":{"@type":"ImageObject","inLanguage":"fr-FR","@id":"https:\/\/pirenifoto.info\/boutique\/#\/schema\/logo\/image\/","url":"https:\/\/pirenifoto.info\/boutique\/wp-content\/uploads\/2025\/06\/new-logo72.jpg","contentUrl":"https:\/\/pirenifoto.info\/boutique\/wp-content\/uploads\/2025\/06\/new-logo72.jpg","width":512,"height":512,"caption":"Photos grands formats des Pyr\u00e9n\u00e9es"},"image":{"@id":"https:\/\/pirenifoto.info\/boutique\/#\/schema\/logo\/image\/"},"sameAs":["https:\/\/x.com\/pirenifoto","https:\/\/www.tiktok.com\/@pirenifoto"]}]}},"_links":{"self":[{"href":"https:\/\/pirenifoto.info\/boutique\/wp-json\/wp\/v2\/product\/877","targetHints":{"allow":["GET"]}}],"collection":[{"href":"https:\/\/pirenifoto.info\/boutique\/wp-json\/wp\/v2\/product"}],"about":[{"href":"https:\/\/pirenifoto.info\/boutique\/wp-json\/wp\/v2\/types\/product"}],"replies":[{"embeddable":true,"href":"https:\/\/pirenifoto.info\/boutique\/wp-json\/wp\/v2\/comments?post=877"}],"wp:featuredmedia":[{"embeddable":true,"href":"https:\/\/pirenifoto.info\/boutique\/wp-json\/wp\/v2\/media\/871"}],"wp:attachment":[{"href":"https:\/\/pirenifoto.info\/boutique\/wp-json\/wp\/v2\/media?parent=877"}],"wp:term":[{"taxonomy":"product_brand","embeddable":true,"href":"https:\/\/pirenifoto.info\/boutique\/wp-json\/wp\/v2\/product_brand?post=877"},{"taxonomy":"product_cat","embeddable":true,"href":"https:\/\/pirenifoto.info\/boutique\/wp-json\/wp\/v2\/product_cat?post=877"},{"taxonomy":"product_tag","embeddable":true,"href":"https:\/\/pirenifoto.info\/boutique\/wp-json\/wp\/v2\/product_tag?post=877"}],"curies":[{"name":"wp","href":"https:\/\/api.w.org\/{rel}","templated":true}]}}