{"id":708,"date":"2024-03-18T11:36:11","date_gmt":"2024-03-18T11:36:11","guid":{"rendered":"https:\/\/pirenifoto.info\/boutique\/?post_type=product&#038;p=708"},"modified":"2025-10-24T15:26:43","modified_gmt":"2025-10-24T15:26:43","slug":"toile-photo-pic-anie","status":"publish","type":"product","link":"https:\/\/pirenifoto.info\/boutique\/produit\/toile-photo-pic-anie\/","title":{"rendered":"toile-Anie"},"content":{"rendered":"<p>Le pic d&#8217;Anie &#8211; Ah\u00fc\u00f1amendi<img data-recalc-dims=\"1\" loading=\"lazy\" decoding=\"async\" class=\"alignnone size-medium wp-image-33\" src=\"https:\/\/i0.wp.com\/pirenifoto.info\/images\/pic-anie.jpg?resize=300%2C200&#038;ssl=1\" alt=\"toile photo du pic d\u2019Anie enneig\u00e9\" width=\"300\" height=\"200\" \/><\/p>\n","protected":false},"excerpt":{"rendered":"<p>toile photo du pic d\u2019Anie enneig\u00e9 &#8211; format 80&#215;60 cm<\/p>\n","protected":false},"featured_media":33,"comment_status":"closed","ping_status":"closed","template":"","meta":[],"product_brand":[],"product_cat":[168],"product_tag":[173],"class_list":{"0":"post-708","1":"product","2":"type-product","3":"status-publish","4":"has-post-thumbnail","6":"product_cat-toiles-photos","7":"product_tag-toile-photo-format-80x60-cm-pret-a-accrocher","9":"first","10":"instock","11":"taxable","12":"shipping-taxable","13":"purchasable","14":"product-type-simple"},"yoast_head":"<!-- This site is optimized with the Yoast SEO plugin v27.3 - https:\/\/yoast.com\/product\/yoast-seo-wordpress\/ -->\n<title>toile-Anie - Photos grands formats des Pyr\u00e9n\u00e9es<\/title>\n<meta name=\"description\" content=\"Toile photo du Pic d\u2019Anie - format 80x60 cm - l\u00e9g\u00e8ret\u00e9 et rendu graphique optimal pour une d\u00e9coration murale simple et moderne - livraison gratuite\" \/>\n<meta name=\"robots\" content=\"index, follow, max-snippet:-1, max-image-preview:large, max-video-preview:-1\" \/>\n<link rel=\"canonical\" href=\"https:\/\/pirenifoto.info\/boutique\/produit\/toile-photo-pic-anie\/\" \/>\n<meta property=\"og:locale\" content=\"fr_FR\" \/>\n<meta property=\"og:type\" content=\"article\" \/>\n<meta property=\"og:title\" content=\"toile-Anie - Photos grands formats des Pyr\u00e9n\u00e9es\" \/>\n<meta property=\"og:description\" content=\"Toile photo du Pic d\u2019Anie - format 80x60 cm - l\u00e9g\u00e8ret\u00e9 et rendu graphique optimal pour une d\u00e9coration murale simple et moderne - livraison gratuite\" \/>\n<meta property=\"og:url\" content=\"https:\/\/pirenifoto.info\/boutique\/produit\/toile-photo-pic-anie\/\" \/>\n<meta property=\"og:site_name\" content=\"Photos grands formats des Pyr\u00e9n\u00e9es\" \/>\n<meta property=\"article:modified_time\" content=\"2025-10-24T15:26:43+00:00\" \/>\n<meta property=\"og:image\" content=\"https:\/\/pirenifoto.info\/boutique\/wp-content\/uploads\/2022\/10\/anie.jpg\" \/>\n\t<meta property=\"og:image:width\" content=\"1628\" \/>\n\t<meta property=\"og:image:height\" content=\"1085\" \/>\n\t<meta property=\"og:image:type\" content=\"image\/jpeg\" \/>\n<meta name=\"twitter:card\" content=\"summary_large_image\" \/>\n<meta name=\"twitter:site\" content=\"@pirenifoto\" \/>\n<meta name=\"twitter:label1\" content=\"Dur\u00e9e de lecture estim\u00e9e\" \/>\n\t<meta name=\"twitter:data1\" content=\"1 minute\" \/>\n<!-- \/ Yoast SEO plugin. -->","yoast_head_json":{"title":"toile-Anie - Photos grands formats des Pyr\u00e9n\u00e9es","description":"Toile photo du Pic d\u2019Anie - format 80x60 cm - l\u00e9g\u00e8ret\u00e9 et rendu graphique optimal pour une d\u00e9coration murale simple et moderne - livraison gratuite","robots":{"index":"index","follow":"follow","max-snippet":"max-snippet:-1","max-image-preview":"max-image-preview:large","max-video-preview":"max-video-preview:-1"},"canonical":"https:\/\/pirenifoto.info\/boutique\/produit\/toile-photo-pic-anie\/","og_locale":"fr_FR","og_type":"article","og_title":"toile-Anie - Photos grands formats des Pyr\u00e9n\u00e9es","og_description":"Toile photo du Pic d\u2019Anie - format 80x60 cm - l\u00e9g\u00e8ret\u00e9 et rendu graphique optimal pour une d\u00e9coration murale simple et moderne - livraison gratuite","og_url":"https:\/\/pirenifoto.info\/boutique\/produit\/toile-photo-pic-anie\/","og_site_name":"Photos grands formats des Pyr\u00e9n\u00e9es","article_modified_time":"2025-10-24T15:26:43+00:00","og_image":[{"width":1628,"height":1085,"url":"https:\/\/pirenifoto.info\/boutique\/wp-content\/uploads\/2022\/10\/anie.jpg","type":"image\/jpeg"}],"twitter_card":"summary_large_image","twitter_site":"@pirenifoto","twitter_misc":{"Dur\u00e9e de lecture estim\u00e9e":"1 minute"},"schema":{"@context":"https:\/\/schema.org","@graph":[{"@type":["WebPage","ItemPage"],"@id":"https:\/\/pirenifoto.info\/boutique\/produit\/toile-photo-pic-anie\/","url":"https:\/\/pirenifoto.info\/boutique\/produit\/toile-photo-pic-anie\/","name":"toile-Anie - Photos grands formats des Pyr\u00e9n\u00e9es","isPartOf":{"@id":"https:\/\/pirenifoto.info\/boutique\/#website"},"primaryImageOfPage":{"@id":"https:\/\/pirenifoto.info\/boutique\/produit\/toile-photo-pic-anie\/#primaryimage"},"image":{"@id":"https:\/\/pirenifoto.info\/boutique\/produit\/toile-photo-pic-anie\/#primaryimage"},"thumbnailUrl":"https:\/\/i0.wp.com\/pirenifoto.info\/boutique\/wp-content\/uploads\/2022\/10\/anie.jpg?fit=1628%2C1085&ssl=1","datePublished":"2024-03-18T11:36:11+00:00","dateModified":"2025-10-24T15:26:43+00:00","description":"Toile photo du Pic d\u2019Anie - format 80x60 cm - l\u00e9g\u00e8ret\u00e9 et rendu graphique optimal pour une d\u00e9coration murale simple et moderne - livraison gratuite","breadcrumb":{"@id":"https:\/\/pirenifoto.info\/boutique\/produit\/toile-photo-pic-anie\/#breadcrumb"},"inLanguage":"fr-FR","potentialAction":[{"@type":"ReadAction","target":["https:\/\/pirenifoto.info\/boutique\/produit\/toile-photo-pic-anie\/"]}]},{"@type":"ImageObject","inLanguage":"fr-FR","@id":"https:\/\/pirenifoto.info\/boutique\/produit\/toile-photo-pic-anie\/#primaryimage","url":"https:\/\/i0.wp.com\/pirenifoto.info\/boutique\/wp-content\/uploads\/2022\/10\/anie.jpg?fit=1628%2C1085&ssl=1","contentUrl":"https:\/\/i0.wp.com\/pirenifoto.info\/boutique\/wp-content\/uploads\/2022\/10\/anie.jpg?fit=1628%2C1085&ssl=1","width":1628,"height":1085},{"@type":"BreadcrumbList","@id":"https:\/\/pirenifoto.info\/boutique\/produit\/toile-photo-pic-anie\/#breadcrumb","itemListElement":[{"@type":"ListItem","position":1,"name":"Accueil","item":"https:\/\/pirenifoto.info\/boutique\/"},{"@type":"ListItem","position":2,"name":"Boutique photos des Pyr\u00e9n\u00e9es","item":"https:\/\/pirenifoto.info\/boutique\/"},{"@type":"ListItem","position":3,"name":"Toiles photos","item":"https:\/\/pirenifoto.info\/boutique\/photo\/toiles-photos\/"},{"@type":"ListItem","position":4,"name":"toile-Anie"}]},{"@type":"WebSite","@id":"https:\/\/pirenifoto.info\/boutique\/#website","url":"https:\/\/pirenifoto.info\/boutique\/","name":"pirenifoto.info\/boutique","description":"Pirenifoto - Christophe de Prada","publisher":{"@id":"https:\/\/pirenifoto.info\/boutique\/#organization"},"alternateName":"boutique photo Pirenifoto","potentialAction":[{"@type":"SearchAction","target":{"@type":"EntryPoint","urlTemplate":"https:\/\/pirenifoto.info\/boutique\/?s={search_term_string}"},"query-input":{"@type":"PropertyValueSpecification","valueRequired":true,"valueName":"search_term_string"}}],"inLanguage":"fr-FR"},{"@type":"Organization","@id":"https:\/\/pirenifoto.info\/boutique\/#organization","name":"Photos grands formats des Pyr\u00e9n\u00e9es","alternateName":"photos des Pyr\u00e9n\u00e9es par Christophe de Prada","url":"https:\/\/pirenifoto.info\/boutique\/","logo":{"@type":"ImageObject","inLanguage":"fr-FR","@id":"https:\/\/pirenifoto.info\/boutique\/#\/schema\/logo\/image\/","url":"https:\/\/pirenifoto.info\/boutique\/wp-content\/uploads\/2025\/06\/new-logo72.jpg","contentUrl":"https:\/\/pirenifoto.info\/boutique\/wp-content\/uploads\/2025\/06\/new-logo72.jpg","width":512,"height":512,"caption":"Photos grands formats des Pyr\u00e9n\u00e9es"},"image":{"@id":"https:\/\/pirenifoto.info\/boutique\/#\/schema\/logo\/image\/"},"sameAs":["https:\/\/x.com\/pirenifoto","https:\/\/www.tiktok.com\/@pirenifoto"]}]}},"_links":{"self":[{"href":"https:\/\/pirenifoto.info\/boutique\/wp-json\/wp\/v2\/product\/708","targetHints":{"allow":["GET"]}}],"collection":[{"href":"https:\/\/pirenifoto.info\/boutique\/wp-json\/wp\/v2\/product"}],"about":[{"href":"https:\/\/pirenifoto.info\/boutique\/wp-json\/wp\/v2\/types\/product"}],"replies":[{"embeddable":true,"href":"https:\/\/pirenifoto.info\/boutique\/wp-json\/wp\/v2\/comments?post=708"}],"wp:featuredmedia":[{"embeddable":true,"href":"https:\/\/pirenifoto.info\/boutique\/wp-json\/wp\/v2\/media\/33"}],"wp:attachment":[{"href":"https:\/\/pirenifoto.info\/boutique\/wp-json\/wp\/v2\/media?parent=708"}],"wp:term":[{"taxonomy":"product_brand","embeddable":true,"href":"https:\/\/pirenifoto.info\/boutique\/wp-json\/wp\/v2\/product_brand?post=708"},{"taxonomy":"product_cat","embeddable":true,"href":"https:\/\/pirenifoto.info\/boutique\/wp-json\/wp\/v2\/product_cat?post=708"},{"taxonomy":"product_tag","embeddable":true,"href":"https:\/\/pirenifoto.info\/boutique\/wp-json\/wp\/v2\/product_tag?post=708"}],"curies":[{"name":"wp","href":"https:\/\/api.w.org\/{rel}","templated":true}]}}