{"id":703,"date":"2024-03-18T10:57:06","date_gmt":"2024-03-18T10:57:06","guid":{"rendered":"https:\/\/pirenifoto.info\/boutique\/?post_type=product&#038;p=703"},"modified":"2025-07-08T10:55:14","modified_gmt":"2025-07-08T10:55:14","slug":"toile-neguko-ardiak","status":"publish","type":"product","link":"https:\/\/pirenifoto.info\/boutique\/produit\/toile-neguko-ardiak\/","title":{"rendered":"toile-neguko-ardiak"},"content":{"rendered":"<div id=\"attachment_299\" style=\"width: 310px\" class=\"wp-caption alignnone\"><img data-recalc-dims=\"1\" loading=\"lazy\" decoding=\"async\" aria-describedby=\"caption-attachment-299\" class=\"size-medium wp-image-299\" src=\"https:\/\/i0.wp.com\/pirenifoto.info\/boutique\/wp-content\/uploads\/2023\/01\/HX4A4129-scaled-e1674732228999-300x200.jpg?resize=300%2C200&#038;ssl=1\" alt=\"ardi beltzak Bostmendietan\" width=\"300\" height=\"200\" \/><p id=\"caption-attachment-299\" class=\"wp-caption-text\">brebis du Pays Basque en hiver<\/p><\/div>\n","protected":false},"excerpt":{"rendered":"<p>toile photo 80&#215;60 cm pour d\u00e9coration int\u00e9rieur<\/p>\n","protected":false},"featured_media":299,"comment_status":"closed","ping_status":"closed","template":"","meta":[],"product_brand":[],"product_cat":[168],"product_tag":[173],"class_list":{"0":"post-703","1":"product","2":"type-product","3":"status-publish","4":"has-post-thumbnail","6":"product_cat-toiles-photos","7":"product_tag-toile-photo-format-80x60-cm-pret-a-accrocher","9":"first","10":"instock","11":"taxable","12":"shipping-taxable","13":"purchasable","14":"product-type-simple"},"yoast_head":"<!-- This site is optimized with the Yoast SEO plugin v27.3 - https:\/\/yoast.com\/product\/yoast-seo-wordpress\/ -->\n<title>toile-neguko-ardiak - Photos grands formats des Pyr\u00e9n\u00e9es<\/title>\n<meta name=\"description\" content=\"toile-neguko-ardiak\" \/>\n<meta name=\"robots\" content=\"index, follow, max-snippet:-1, max-image-preview:large, max-video-preview:-1\" \/>\n<link rel=\"canonical\" href=\"https:\/\/pirenifoto.info\/boutique\/produit\/toile-neguko-ardiak\/\" \/>\n<meta property=\"og:locale\" content=\"fr_FR\" \/>\n<meta property=\"og:type\" content=\"article\" \/>\n<meta property=\"og:title\" content=\"toile-neguko-ardiak - Photos grands formats des Pyr\u00e9n\u00e9es\" \/>\n<meta property=\"og:description\" content=\"toile-neguko-ardiak\" \/>\n<meta property=\"og:url\" content=\"https:\/\/pirenifoto.info\/boutique\/produit\/toile-neguko-ardiak\/\" \/>\n<meta property=\"og:site_name\" content=\"Photos grands formats des Pyr\u00e9n\u00e9es\" \/>\n<meta property=\"article:modified_time\" content=\"2025-07-08T10:55:14+00:00\" \/>\n<meta property=\"og:image\" content=\"https:\/\/pirenifoto.info\/boutique\/wp-content\/uploads\/2023\/01\/HX4A4129-scaled-e1674732228999.jpg\" \/>\n\t<meta property=\"og:image:width\" content=\"1600\" \/>\n\t<meta property=\"og:image:height\" content=\"1067\" \/>\n\t<meta property=\"og:image:type\" content=\"image\/jpeg\" \/>\n<meta name=\"twitter:card\" content=\"summary_large_image\" \/>\n<meta name=\"twitter:site\" content=\"@pirenifoto\" \/>\n<!-- \/ Yoast SEO plugin. -->","yoast_head_json":{"title":"toile-neguko-ardiak - Photos grands formats des Pyr\u00e9n\u00e9es","description":"toile-neguko-ardiak","robots":{"index":"index","follow":"follow","max-snippet":"max-snippet:-1","max-image-preview":"max-image-preview:large","max-video-preview":"max-video-preview:-1"},"canonical":"https:\/\/pirenifoto.info\/boutique\/produit\/toile-neguko-ardiak\/","og_locale":"fr_FR","og_type":"article","og_title":"toile-neguko-ardiak - Photos grands formats des Pyr\u00e9n\u00e9es","og_description":"toile-neguko-ardiak","og_url":"https:\/\/pirenifoto.info\/boutique\/produit\/toile-neguko-ardiak\/","og_site_name":"Photos grands formats des Pyr\u00e9n\u00e9es","article_modified_time":"2025-07-08T10:55:14+00:00","og_image":[{"width":1600,"height":1067,"url":"https:\/\/pirenifoto.info\/boutique\/wp-content\/uploads\/2023\/01\/HX4A4129-scaled-e1674732228999.jpg","type":"image\/jpeg"}],"twitter_card":"summary_large_image","twitter_site":"@pirenifoto","schema":{"@context":"https:\/\/schema.org","@graph":[{"@type":["WebPage","ItemPage"],"@id":"https:\/\/pirenifoto.info\/boutique\/produit\/toile-neguko-ardiak\/","url":"https:\/\/pirenifoto.info\/boutique\/produit\/toile-neguko-ardiak\/","name":"toile-neguko-ardiak - Photos grands formats des Pyr\u00e9n\u00e9es","isPartOf":{"@id":"https:\/\/pirenifoto.info\/boutique\/#website"},"primaryImageOfPage":{"@id":"https:\/\/pirenifoto.info\/boutique\/produit\/toile-neguko-ardiak\/#primaryimage"},"image":{"@id":"https:\/\/pirenifoto.info\/boutique\/produit\/toile-neguko-ardiak\/#primaryimage"},"thumbnailUrl":"https:\/\/i0.wp.com\/pirenifoto.info\/boutique\/wp-content\/uploads\/2023\/01\/HX4A4129-scaled-e1759846726722.jpg?fit=500%2C333&ssl=1","datePublished":"2024-03-18T10:57:06+00:00","dateModified":"2025-07-08T10:55:14+00:00","description":"toile-neguko-ardiak","breadcrumb":{"@id":"https:\/\/pirenifoto.info\/boutique\/produit\/toile-neguko-ardiak\/#breadcrumb"},"inLanguage":"fr-FR","potentialAction":[{"@type":"ReadAction","target":["https:\/\/pirenifoto.info\/boutique\/produit\/toile-neguko-ardiak\/"]}]},{"@type":"ImageObject","inLanguage":"fr-FR","@id":"https:\/\/pirenifoto.info\/boutique\/produit\/toile-neguko-ardiak\/#primaryimage","url":"https:\/\/i0.wp.com\/pirenifoto.info\/boutique\/wp-content\/uploads\/2023\/01\/HX4A4129-scaled-e1759846726722.jpg?fit=500%2C333&ssl=1","contentUrl":"https:\/\/i0.wp.com\/pirenifoto.info\/boutique\/wp-content\/uploads\/2023\/01\/HX4A4129-scaled-e1759846726722.jpg?fit=500%2C333&ssl=1","width":500,"height":333,"caption":"troupeau de brebis t\u00eates noires \u00e0 Bostmendieta"},{"@type":"BreadcrumbList","@id":"https:\/\/pirenifoto.info\/boutique\/produit\/toile-neguko-ardiak\/#breadcrumb","itemListElement":[{"@type":"ListItem","position":1,"name":"Accueil","item":"https:\/\/pirenifoto.info\/boutique\/"},{"@type":"ListItem","position":2,"name":"Boutique photos des Pyr\u00e9n\u00e9es","item":"https:\/\/pirenifoto.info\/boutique\/"},{"@type":"ListItem","position":3,"name":"Toiles photos","item":"https:\/\/pirenifoto.info\/boutique\/photo\/toiles-photos\/"},{"@type":"ListItem","position":4,"name":"toile-neguko-ardiak"}]},{"@type":"WebSite","@id":"https:\/\/pirenifoto.info\/boutique\/#website","url":"https:\/\/pirenifoto.info\/boutique\/","name":"pirenifoto.info\/boutique","description":"Pirenifoto - Christophe de Prada","publisher":{"@id":"https:\/\/pirenifoto.info\/boutique\/#organization"},"alternateName":"boutique photo Pirenifoto","potentialAction":[{"@type":"SearchAction","target":{"@type":"EntryPoint","urlTemplate":"https:\/\/pirenifoto.info\/boutique\/?s={search_term_string}"},"query-input":{"@type":"PropertyValueSpecification","valueRequired":true,"valueName":"search_term_string"}}],"inLanguage":"fr-FR"},{"@type":"Organization","@id":"https:\/\/pirenifoto.info\/boutique\/#organization","name":"Photos grands formats des Pyr\u00e9n\u00e9es","alternateName":"photos des Pyr\u00e9n\u00e9es par Christophe de Prada","url":"https:\/\/pirenifoto.info\/boutique\/","logo":{"@type":"ImageObject","inLanguage":"fr-FR","@id":"https:\/\/pirenifoto.info\/boutique\/#\/schema\/logo\/image\/","url":"https:\/\/pirenifoto.info\/boutique\/wp-content\/uploads\/2025\/06\/new-logo72.jpg","contentUrl":"https:\/\/pirenifoto.info\/boutique\/wp-content\/uploads\/2025\/06\/new-logo72.jpg","width":512,"height":512,"caption":"Photos grands formats des Pyr\u00e9n\u00e9es"},"image":{"@id":"https:\/\/pirenifoto.info\/boutique\/#\/schema\/logo\/image\/"},"sameAs":["https:\/\/x.com\/pirenifoto","https:\/\/www.tiktok.com\/@pirenifoto"]}]}},"_links":{"self":[{"href":"https:\/\/pirenifoto.info\/boutique\/wp-json\/wp\/v2\/product\/703","targetHints":{"allow":["GET"]}}],"collection":[{"href":"https:\/\/pirenifoto.info\/boutique\/wp-json\/wp\/v2\/product"}],"about":[{"href":"https:\/\/pirenifoto.info\/boutique\/wp-json\/wp\/v2\/types\/product"}],"replies":[{"embeddable":true,"href":"https:\/\/pirenifoto.info\/boutique\/wp-json\/wp\/v2\/comments?post=703"}],"wp:featuredmedia":[{"embeddable":true,"href":"https:\/\/pirenifoto.info\/boutique\/wp-json\/wp\/v2\/media\/299"}],"wp:attachment":[{"href":"https:\/\/pirenifoto.info\/boutique\/wp-json\/wp\/v2\/media?parent=703"}],"wp:term":[{"taxonomy":"product_brand","embeddable":true,"href":"https:\/\/pirenifoto.info\/boutique\/wp-json\/wp\/v2\/product_brand?post=703"},{"taxonomy":"product_cat","embeddable":true,"href":"https:\/\/pirenifoto.info\/boutique\/wp-json\/wp\/v2\/product_cat?post=703"},{"taxonomy":"product_tag","embeddable":true,"href":"https:\/\/pirenifoto.info\/boutique\/wp-json\/wp\/v2\/product_tag?post=703"}],"curies":[{"name":"wp","href":"https:\/\/api.w.org\/{rel}","templated":true}]}}