{"id":659,"date":"2023-12-13T11:15:40","date_gmt":"2023-12-13T11:15:40","guid":{"rendered":"https:\/\/pirenifoto.info\/boutique\/?post_type=product&#038;p=659"},"modified":"2026-02-04T11:07:45","modified_gmt":"2026-02-04T11:07:45","slug":"panoforex-lescun-neige-60x20","status":"publish","type":"product","link":"https:\/\/pirenifoto.info\/boutique\/produit\/panoforex-lescun-neige-60x20\/","title":{"rendered":"photo-panoramique-lescun-neige 60&#215;20"},"content":{"rendered":"<p><img data-recalc-dims=\"1\" loading=\"lazy\" decoding=\"async\" class=\"alignnone size-medium wp-image-622\" src=\"https:\/\/i0.wp.com\/pirenifoto.info\/boutique\/wp-content\/uploads\/2023\/10\/pano-lescun_neige.jpg?resize=300%2C119&#038;ssl=1\" alt=\"photo pano village pyr\u00e9n\u00e9en de Lescun neige\" width=\"300\" height=\"119\" \/><\/p>\n","protected":false},"excerpt":{"rendered":"<p>photo panoramique de la vall\u00e9e de Lescun sous la neige &#8211; format 60&#215;20 cm<\/p>\n","protected":false},"featured_media":624,"comment_status":"closed","ping_status":"closed","template":"","meta":[],"product_brand":[],"product_cat":[21],"product_tag":[],"class_list":{"0":"post-659","1":"product","2":"type-product","3":"status-publish","4":"has-post-thumbnail","6":"product_cat-panoramiques-pyrenees","8":"first","9":"instock","10":"taxable","11":"shipping-taxable","12":"purchasable","13":"product-type-simple"},"yoast_head":"<!-- This site is optimized with the Yoast SEO plugin v27.5 - https:\/\/yoast.com\/product\/yoast-seo-wordpress\/ -->\n<title>photo-panoramique-lescun-neige 60x20 - Photos grands formats des Pyr\u00e9n\u00e9es<\/title>\n<meta name=\"description\" content=\"photo panoramique du village de Lescun avec le fond de vall\u00e9e enneig\u00e9e -tirage pvc 5mm l\u00e9ger et r\u00e9sistant offrant une belle perspective visuelle\" \/>\n<meta name=\"robots\" content=\"index, follow, max-snippet:-1, max-image-preview:large, max-video-preview:-1\" \/>\n<link rel=\"canonical\" href=\"https:\/\/pirenifoto.info\/boutique\/produit\/panoforex-lescun-neige-60x20\/\" \/>\n<meta property=\"og:locale\" content=\"fr_FR\" \/>\n<meta property=\"og:type\" content=\"article\" \/>\n<meta property=\"og:title\" content=\"photo-panoramique-lescun-neige 60x20 - Photos grands formats des Pyr\u00e9n\u00e9es\" \/>\n<meta property=\"og:description\" content=\"photo panoramique du village de Lescun avec le fond de vall\u00e9e enneig\u00e9e -tirage pvc 5mm l\u00e9ger et r\u00e9sistant offrant une belle perspective visuelle\" \/>\n<meta property=\"og:url\" content=\"https:\/\/pirenifoto.info\/boutique\/produit\/panoforex-lescun-neige-60x20\/\" \/>\n<meta property=\"og:site_name\" content=\"Photos grands formats des Pyr\u00e9n\u00e9es\" \/>\n<meta property=\"article:modified_time\" content=\"2026-02-04T11:07:45+00:00\" \/>\n<meta property=\"og:image\" content=\"https:\/\/pirenifoto.info\/boutique\/wp-content\/uploads\/2023\/10\/pano-lescun_neige-e1770203250625.jpg\" \/>\n\t<meta property=\"og:image:width\" content=\"500\" \/>\n\t<meta property=\"og:image:height\" content=\"197\" \/>\n\t<meta property=\"og:image:type\" content=\"image\/jpeg\" \/>\n<meta name=\"twitter:card\" content=\"summary_large_image\" \/>\n<meta name=\"twitter:site\" content=\"@pirenifoto\" \/>\n<meta name=\"twitter:label1\" content=\"Dur\u00e9e de lecture estim\u00e9e\" \/>\n\t<meta name=\"twitter:data1\" content=\"1 minute\" \/>\n<!-- \/ Yoast SEO plugin. -->","yoast_head_json":{"title":"photo-panoramique-lescun-neige 60x20 - Photos grands formats des Pyr\u00e9n\u00e9es","description":"photo panoramique du village de Lescun avec le fond de vall\u00e9e enneig\u00e9e -tirage pvc 5mm l\u00e9ger et r\u00e9sistant offrant une belle perspective visuelle","robots":{"index":"index","follow":"follow","max-snippet":"max-snippet:-1","max-image-preview":"max-image-preview:large","max-video-preview":"max-video-preview:-1"},"canonical":"https:\/\/pirenifoto.info\/boutique\/produit\/panoforex-lescun-neige-60x20\/","og_locale":"fr_FR","og_type":"article","og_title":"photo-panoramique-lescun-neige 60x20 - Photos grands formats des Pyr\u00e9n\u00e9es","og_description":"photo panoramique du village de Lescun avec le fond de vall\u00e9e enneig\u00e9e -tirage pvc 5mm l\u00e9ger et r\u00e9sistant offrant une belle perspective visuelle","og_url":"https:\/\/pirenifoto.info\/boutique\/produit\/panoforex-lescun-neige-60x20\/","og_site_name":"Photos grands formats des Pyr\u00e9n\u00e9es","article_modified_time":"2026-02-04T11:07:45+00:00","og_image":[{"width":500,"height":197,"url":"https:\/\/pirenifoto.info\/boutique\/wp-content\/uploads\/2023\/10\/pano-lescun_neige-e1770203250625.jpg","type":"image\/jpeg"}],"twitter_card":"summary_large_image","twitter_site":"@pirenifoto","twitter_misc":{"Dur\u00e9e de lecture estim\u00e9e":"1 minute"},"schema":{"@context":"https:\/\/schema.org","@graph":[{"@type":["WebPage","ItemPage"],"@id":"https:\/\/pirenifoto.info\/boutique\/produit\/panoforex-lescun-neige-60x20\/","url":"https:\/\/pirenifoto.info\/boutique\/produit\/panoforex-lescun-neige-60x20\/","name":"photo-panoramique-lescun-neige 60x20 - Photos grands formats des Pyr\u00e9n\u00e9es","isPartOf":{"@id":"https:\/\/pirenifoto.info\/boutique\/#website"},"primaryImageOfPage":{"@id":"https:\/\/pirenifoto.info\/boutique\/produit\/panoforex-lescun-neige-60x20\/#primaryimage"},"image":{"@id":"https:\/\/pirenifoto.info\/boutique\/produit\/panoforex-lescun-neige-60x20\/#primaryimage"},"thumbnailUrl":"https:\/\/i0.wp.com\/pirenifoto.info\/boutique\/wp-content\/uploads\/2023\/10\/pano-lescun_neige-e1770203250625.jpg?fit=500%2C197&ssl=1","datePublished":"2023-12-13T11:15:40+00:00","dateModified":"2026-02-04T11:07:45+00:00","description":"photo panoramique du village de Lescun avec le fond de vall\u00e9e enneig\u00e9e -tirage pvc 5mm l\u00e9ger et r\u00e9sistant offrant une belle perspective visuelle","breadcrumb":{"@id":"https:\/\/pirenifoto.info\/boutique\/produit\/panoforex-lescun-neige-60x20\/#breadcrumb"},"inLanguage":"fr-FR","potentialAction":[{"@type":"ReadAction","target":["https:\/\/pirenifoto.info\/boutique\/produit\/panoforex-lescun-neige-60x20\/"]}]},{"@type":"ImageObject","inLanguage":"fr-FR","@id":"https:\/\/pirenifoto.info\/boutique\/produit\/panoforex-lescun-neige-60x20\/#primaryimage","url":"https:\/\/i0.wp.com\/pirenifoto.info\/boutique\/wp-content\/uploads\/2023\/10\/pano-lescun_neige-e1770203250625.jpg?fit=500%2C197&ssl=1","contentUrl":"https:\/\/i0.wp.com\/pirenifoto.info\/boutique\/wp-content\/uploads\/2023\/10\/pano-lescun_neige-e1770203250625.jpg?fit=500%2C197&ssl=1","width":500,"height":197,"caption":"photo panoramique village Lescun sous la neige"},{"@type":"BreadcrumbList","@id":"https:\/\/pirenifoto.info\/boutique\/produit\/panoforex-lescun-neige-60x20\/#breadcrumb","itemListElement":[{"@type":"ListItem","position":1,"name":"Accueil","item":"https:\/\/pirenifoto.info\/boutique\/"},{"@type":"ListItem","position":2,"name":"Boutique photos des Pyr\u00e9n\u00e9es","item":"https:\/\/pirenifoto.info\/boutique\/"},{"@type":"ListItem","position":3,"name":"photos panoramiques sur forex 60x20 cm","item":"https:\/\/pirenifoto.info\/boutique\/photo\/panoramiques-pyrenees\/"},{"@type":"ListItem","position":4,"name":"photo-panoramique-lescun-neige 60&#215;20"}]},{"@type":"WebSite","@id":"https:\/\/pirenifoto.info\/boutique\/#website","url":"https:\/\/pirenifoto.info\/boutique\/","name":"pirenifoto.info\/boutique","description":"Pirenifoto - Christophe de Prada","publisher":{"@id":"https:\/\/pirenifoto.info\/boutique\/#organization"},"alternateName":"boutique photo Pirenifoto","potentialAction":[{"@type":"SearchAction","target":{"@type":"EntryPoint","urlTemplate":"https:\/\/pirenifoto.info\/boutique\/?s={search_term_string}"},"query-input":{"@type":"PropertyValueSpecification","valueRequired":true,"valueName":"search_term_string"}}],"inLanguage":"fr-FR"},{"@type":"Organization","@id":"https:\/\/pirenifoto.info\/boutique\/#organization","name":"Photos grands formats des Pyr\u00e9n\u00e9es","alternateName":"photos des Pyr\u00e9n\u00e9es par Christophe de Prada","url":"https:\/\/pirenifoto.info\/boutique\/","logo":{"@type":"ImageObject","inLanguage":"fr-FR","@id":"https:\/\/pirenifoto.info\/boutique\/#\/schema\/logo\/image\/","url":"https:\/\/pirenifoto.info\/boutique\/wp-content\/uploads\/2025\/06\/new-logo72.jpg","contentUrl":"https:\/\/pirenifoto.info\/boutique\/wp-content\/uploads\/2025\/06\/new-logo72.jpg","width":512,"height":512,"caption":"Photos grands formats des Pyr\u00e9n\u00e9es"},"image":{"@id":"https:\/\/pirenifoto.info\/boutique\/#\/schema\/logo\/image\/"},"sameAs":["https:\/\/x.com\/pirenifoto","https:\/\/www.tiktok.com\/@pirenifoto"]}]}},"_links":{"self":[{"href":"https:\/\/pirenifoto.info\/boutique\/wp-json\/wp\/v2\/product\/659","targetHints":{"allow":["GET"]}}],"collection":[{"href":"https:\/\/pirenifoto.info\/boutique\/wp-json\/wp\/v2\/product"}],"about":[{"href":"https:\/\/pirenifoto.info\/boutique\/wp-json\/wp\/v2\/types\/product"}],"replies":[{"embeddable":true,"href":"https:\/\/pirenifoto.info\/boutique\/wp-json\/wp\/v2\/comments?post=659"}],"wp:featuredmedia":[{"embeddable":true,"href":"https:\/\/pirenifoto.info\/boutique\/wp-json\/wp\/v2\/media\/624"}],"wp:attachment":[{"href":"https:\/\/pirenifoto.info\/boutique\/wp-json\/wp\/v2\/media?parent=659"}],"wp:term":[{"taxonomy":"product_brand","embeddable":true,"href":"https:\/\/pirenifoto.info\/boutique\/wp-json\/wp\/v2\/product_brand?post=659"},{"taxonomy":"product_cat","embeddable":true,"href":"https:\/\/pirenifoto.info\/boutique\/wp-json\/wp\/v2\/product_cat?post=659"},{"taxonomy":"product_tag","embeddable":true,"href":"https:\/\/pirenifoto.info\/boutique\/wp-json\/wp\/v2\/product_tag?post=659"}],"curies":[{"name":"wp","href":"https:\/\/api.w.org\/{rel}","templated":true}]}}