{"id":621,"date":"2023-10-15T10:40:36","date_gmt":"2023-10-15T10:40:36","guid":{"rendered":"https:\/\/pirenifoto.info\/boutique\/?post_type=product&#038;p=621"},"modified":"2025-10-07T14:58:00","modified_gmt":"2025-10-07T14:58:00","slug":"photo-panoramique-lescun-neige","status":"publish","type":"product","link":"https:\/\/pirenifoto.info\/boutique\/produit\/photo-panoramique-lescun-neige\/","title":{"rendered":"photo-panoramique-lescun-neige"},"content":{"rendered":"<p><img data-recalc-dims=\"1\" loading=\"lazy\" decoding=\"async\" src=\"https:\/\/i0.wp.com\/pirenifoto.info\/boutique\/wp-content\/uploads\/2023\/10\/pano-lescun_neige.jpg?resize=300%2C119&#038;ssl=1\" alt=\"photo pano village pyr\u00e9n\u00e9en de Lescun neige\" width=\"300\" height=\"119\" class=\"alignnone size-medium wp-image-622\" \/><\/p>\n","protected":false},"excerpt":{"rendered":"<p>tirage panoramique du villa de Lescun en hiver- format 80&#215;20 cm<\/p>\n","protected":false},"featured_media":1175,"comment_status":"closed","ping_status":"closed","template":"","meta":[],"product_brand":[],"product_cat":[25],"product_tag":[176],"class_list":{"0":"post-621","1":"product","2":"type-product","3":"status-publish","4":"has-post-thumbnail","6":"product_cat-tirages-panoramiques","7":"product_tag-photo-panoramique-de-la-vallee-de-lescun-sous-la-neige-format-80x20-cm","9":"first","10":"instock","11":"sale","12":"taxable","13":"shipping-taxable","14":"purchasable","15":"product-type-simple"},"yoast_head":"<!-- This site is optimized with the Yoast SEO plugin v27.4 - https:\/\/yoast.com\/product\/yoast-seo-wordpress\/ -->\n<title>photo-panoramique-lescun-neige - Photos grands formats des Pyr\u00e9n\u00e9es<\/title>\n<meta name=\"description\" content=\"photo-panoramique-lescun-neige tirage photo panoramique du village pyr\u00e9n\u00e9en de Lescun en hiver sous la neige - format 80x20 cm - pr\u00eat \u00e0 l&#039;accrochage\" \/>\n<meta name=\"robots\" content=\"index, follow, max-snippet:-1, max-image-preview:large, max-video-preview:-1\" \/>\n<link rel=\"canonical\" href=\"https:\/\/pirenifoto.info\/boutique\/produit\/photo-panoramique-lescun-neige\/\" \/>\n<meta property=\"og:locale\" content=\"fr_FR\" \/>\n<meta property=\"og:type\" content=\"article\" \/>\n<meta property=\"og:title\" content=\"photo-panoramique-lescun-neige - Photos grands formats des Pyr\u00e9n\u00e9es\" \/>\n<meta property=\"og:description\" content=\"photo-panoramique-lescun-neige tirage photo panoramique du village pyr\u00e9n\u00e9en de Lescun en hiver sous la neige - format 80x20 cm - pr\u00eat \u00e0 l&#039;accrochage\" \/>\n<meta property=\"og:url\" content=\"https:\/\/pirenifoto.info\/boutique\/produit\/photo-panoramique-lescun-neige\/\" \/>\n<meta property=\"og:site_name\" content=\"Photos grands formats des Pyr\u00e9n\u00e9es\" \/>\n<meta property=\"article:modified_time\" content=\"2025-10-07T14:58:00+00:00\" \/>\n<meta property=\"og:image\" content=\"https:\/\/pirenifoto.info\/boutique\/wp-content\/uploads\/2023\/10\/pano-lescun_hiver72-e1754578171939.jpg\" \/>\n\t<meta property=\"og:image:width\" content=\"545\" \/>\n\t<meta property=\"og:image:height\" content=\"145\" \/>\n\t<meta property=\"og:image:type\" content=\"image\/jpeg\" \/>\n<meta name=\"twitter:card\" content=\"summary_large_image\" \/>\n<meta name=\"twitter:site\" content=\"@pirenifoto\" \/>\n<meta name=\"twitter:label1\" content=\"Dur\u00e9e de lecture estim\u00e9e\" \/>\n\t<meta name=\"twitter:data1\" content=\"1 minute\" \/>\n<!-- \/ Yoast SEO plugin. -->","yoast_head_json":{"title":"photo-panoramique-lescun-neige - Photos grands formats des Pyr\u00e9n\u00e9es","description":"photo-panoramique-lescun-neige tirage photo panoramique du village pyr\u00e9n\u00e9en de Lescun en hiver sous la neige - format 80x20 cm - pr\u00eat \u00e0 l'accrochage","robots":{"index":"index","follow":"follow","max-snippet":"max-snippet:-1","max-image-preview":"max-image-preview:large","max-video-preview":"max-video-preview:-1"},"canonical":"https:\/\/pirenifoto.info\/boutique\/produit\/photo-panoramique-lescun-neige\/","og_locale":"fr_FR","og_type":"article","og_title":"photo-panoramique-lescun-neige - Photos grands formats des Pyr\u00e9n\u00e9es","og_description":"photo-panoramique-lescun-neige tirage photo panoramique du village pyr\u00e9n\u00e9en de Lescun en hiver sous la neige - format 80x20 cm - pr\u00eat \u00e0 l'accrochage","og_url":"https:\/\/pirenifoto.info\/boutique\/produit\/photo-panoramique-lescun-neige\/","og_site_name":"Photos grands formats des Pyr\u00e9n\u00e9es","article_modified_time":"2025-10-07T14:58:00+00:00","og_image":[{"width":545,"height":145,"url":"https:\/\/pirenifoto.info\/boutique\/wp-content\/uploads\/2023\/10\/pano-lescun_hiver72-e1754578171939.jpg","type":"image\/jpeg"}],"twitter_card":"summary_large_image","twitter_site":"@pirenifoto","twitter_misc":{"Dur\u00e9e de lecture estim\u00e9e":"1 minute"},"schema":{"@context":"https:\/\/schema.org","@graph":[{"@type":["WebPage","ItemPage"],"@id":"https:\/\/pirenifoto.info\/boutique\/produit\/photo-panoramique-lescun-neige\/","url":"https:\/\/pirenifoto.info\/boutique\/produit\/photo-panoramique-lescun-neige\/","name":"photo-panoramique-lescun-neige - Photos grands formats des Pyr\u00e9n\u00e9es","isPartOf":{"@id":"https:\/\/pirenifoto.info\/boutique\/#website"},"primaryImageOfPage":{"@id":"https:\/\/pirenifoto.info\/boutique\/produit\/photo-panoramique-lescun-neige\/#primaryimage"},"image":{"@id":"https:\/\/pirenifoto.info\/boutique\/produit\/photo-panoramique-lescun-neige\/#primaryimage"},"thumbnailUrl":"https:\/\/i0.wp.com\/pirenifoto.info\/boutique\/wp-content\/uploads\/2023\/10\/pano-lescun_hiver72-e1754578171939.jpg?fit=545%2C145&ssl=1","datePublished":"2023-10-15T10:40:36+00:00","dateModified":"2025-10-07T14:58:00+00:00","description":"photo-panoramique-lescun-neige tirage photo panoramique du village pyr\u00e9n\u00e9en de Lescun en hiver sous la neige - format 80x20 cm - pr\u00eat \u00e0 l'accrochage","breadcrumb":{"@id":"https:\/\/pirenifoto.info\/boutique\/produit\/photo-panoramique-lescun-neige\/#breadcrumb"},"inLanguage":"fr-FR","potentialAction":[{"@type":"ReadAction","target":["https:\/\/pirenifoto.info\/boutique\/produit\/photo-panoramique-lescun-neige\/"]}]},{"@type":"ImageObject","inLanguage":"fr-FR","@id":"https:\/\/pirenifoto.info\/boutique\/produit\/photo-panoramique-lescun-neige\/#primaryimage","url":"https:\/\/i0.wp.com\/pirenifoto.info\/boutique\/wp-content\/uploads\/2023\/10\/pano-lescun_hiver72-e1754578171939.jpg?fit=545%2C145&ssl=1","contentUrl":"https:\/\/i0.wp.com\/pirenifoto.info\/boutique\/wp-content\/uploads\/2023\/10\/pano-lescun_hiver72-e1754578171939.jpg?fit=545%2C145&ssl=1","width":545,"height":145,"caption":"Lescun en hiver"},{"@type":"BreadcrumbList","@id":"https:\/\/pirenifoto.info\/boutique\/produit\/photo-panoramique-lescun-neige\/#breadcrumb","itemListElement":[{"@type":"ListItem","position":1,"name":"Accueil","item":"https:\/\/pirenifoto.info\/boutique\/"},{"@type":"ListItem","position":2,"name":"Boutique photos des Pyr\u00e9n\u00e9es","item":"https:\/\/pirenifoto.info\/boutique\/"},{"@type":"ListItem","position":3,"name":"photos panoramiques 80x20 cm","item":"https:\/\/pirenifoto.info\/boutique\/photo\/tirages-panoramiques\/"},{"@type":"ListItem","position":4,"name":"photo-panoramique-lescun-neige"}]},{"@type":"WebSite","@id":"https:\/\/pirenifoto.info\/boutique\/#website","url":"https:\/\/pirenifoto.info\/boutique\/","name":"pirenifoto.info\/boutique","description":"Pirenifoto - Christophe de Prada","publisher":{"@id":"https:\/\/pirenifoto.info\/boutique\/#organization"},"alternateName":"boutique photo Pirenifoto","potentialAction":[{"@type":"SearchAction","target":{"@type":"EntryPoint","urlTemplate":"https:\/\/pirenifoto.info\/boutique\/?s={search_term_string}"},"query-input":{"@type":"PropertyValueSpecification","valueRequired":true,"valueName":"search_term_string"}}],"inLanguage":"fr-FR"},{"@type":"Organization","@id":"https:\/\/pirenifoto.info\/boutique\/#organization","name":"Photos grands formats des Pyr\u00e9n\u00e9es","alternateName":"photos des Pyr\u00e9n\u00e9es par Christophe de Prada","url":"https:\/\/pirenifoto.info\/boutique\/","logo":{"@type":"ImageObject","inLanguage":"fr-FR","@id":"https:\/\/pirenifoto.info\/boutique\/#\/schema\/logo\/image\/","url":"https:\/\/pirenifoto.info\/boutique\/wp-content\/uploads\/2025\/06\/new-logo72.jpg","contentUrl":"https:\/\/pirenifoto.info\/boutique\/wp-content\/uploads\/2025\/06\/new-logo72.jpg","width":512,"height":512,"caption":"Photos grands formats des Pyr\u00e9n\u00e9es"},"image":{"@id":"https:\/\/pirenifoto.info\/boutique\/#\/schema\/logo\/image\/"},"sameAs":["https:\/\/x.com\/pirenifoto","https:\/\/www.tiktok.com\/@pirenifoto"]}]}},"_links":{"self":[{"href":"https:\/\/pirenifoto.info\/boutique\/wp-json\/wp\/v2\/product\/621","targetHints":{"allow":["GET"]}}],"collection":[{"href":"https:\/\/pirenifoto.info\/boutique\/wp-json\/wp\/v2\/product"}],"about":[{"href":"https:\/\/pirenifoto.info\/boutique\/wp-json\/wp\/v2\/types\/product"}],"replies":[{"embeddable":true,"href":"https:\/\/pirenifoto.info\/boutique\/wp-json\/wp\/v2\/comments?post=621"}],"wp:featuredmedia":[{"embeddable":true,"href":"https:\/\/pirenifoto.info\/boutique\/wp-json\/wp\/v2\/media\/1175"}],"wp:attachment":[{"href":"https:\/\/pirenifoto.info\/boutique\/wp-json\/wp\/v2\/media?parent=621"}],"wp:term":[{"taxonomy":"product_brand","embeddable":true,"href":"https:\/\/pirenifoto.info\/boutique\/wp-json\/wp\/v2\/product_brand?post=621"},{"taxonomy":"product_cat","embeddable":true,"href":"https:\/\/pirenifoto.info\/boutique\/wp-json\/wp\/v2\/product_cat?post=621"},{"taxonomy":"product_tag","embeddable":true,"href":"https:\/\/pirenifoto.info\/boutique\/wp-json\/wp\/v2\/product_tag?post=621"}],"curies":[{"name":"wp","href":"https:\/\/api.w.org\/{rel}","templated":true}]}}