{"id":493,"date":"2023-08-02T21:02:57","date_gmt":"2023-08-02T21:02:57","guid":{"rendered":"https:\/\/pirenifoto.info\/boutique\/?post_type=product&#038;p=493"},"modified":"2025-09-22T14:35:11","modified_gmt":"2025-09-22T14:35:11","slug":"photo-art-pic-ossau","status":"publish","type":"product","link":"https:\/\/pirenifoto.info\/boutique\/produit\/photo-art-pic-ossau\/","title":{"rendered":"photo-art-pic-ossau"},"content":{"rendered":"<p><img data-recalc-dims=\"1\" loading=\"lazy\" decoding=\"async\" class=\"alignnone size-medium wp-image-494\" src=\"https:\/\/i0.wp.com\/pirenifoto.info\/boutique\/wp-content\/uploads\/2023\/08\/aussau3.jpg?resize=300%2C200&#038;ssl=1\" alt=\"photo d'art pic d'Ossau\" width=\"300\" height=\"200\" srcset=\"https:\/\/i0.wp.com\/pirenifoto.info\/boutique\/wp-content\/uploads\/2023\/08\/aussau3.jpg?resize=300%2C200&amp;ssl=1 300w, https:\/\/i0.wp.com\/pirenifoto.info\/boutique\/wp-content\/uploads\/2023\/08\/aussau3.jpg?resize=600%2C400&amp;ssl=1 600w, https:\/\/i0.wp.com\/pirenifoto.info\/boutique\/wp-content\/uploads\/2023\/08\/aussau3.jpg?w=627&amp;ssl=1 627w\" sizes=\"auto, (max-width: 300px) 100vw, 300px\" \/><\/p>\n","protected":false},"excerpt":{"rendered":"<p>Tirage photo du pic du Midi d&#8217;Ossau en s\u00e9rie limit\u00e9e <\/p>\n","protected":false},"featured_media":494,"comment_status":"closed","ping_status":"closed","template":"","meta":[],"product_brand":[],"product_cat":[164],"product_tag":[],"class_list":{"0":"post-493","1":"product","2":"type-product","3":"status-publish","4":"has-post-thumbnail","6":"product_cat-art-collection","8":"first","9":"instock","10":"taxable","11":"shipping-taxable","12":"purchasable","13":"product-type-simple"},"yoast_head":"<!-- This site is optimized with the Yoast SEO plugin v27.3 - https:\/\/yoast.com\/product\/yoast-seo-wordpress\/ -->\n<title>photo-art-pic-ossau - Photos grands formats des Pyr\u00e9n\u00e9es<\/title>\n<meta name=\"description\" content=\"Tirage de photo artistique du pic du Midi d&#039;Ossau par Christophe de Prada - format 100x75 cm - cadre slim pr\u00eat \u00e0 l&#039;accrochage\" \/>\n<meta name=\"robots\" content=\"index, follow, max-snippet:-1, max-image-preview:large, max-video-preview:-1\" \/>\n<link rel=\"canonical\" href=\"https:\/\/pirenifoto.info\/boutique\/produit\/photo-art-pic-ossau\/\" \/>\n<meta property=\"og:locale\" content=\"fr_FR\" \/>\n<meta property=\"og:type\" content=\"article\" \/>\n<meta property=\"og:title\" content=\"photo-art-pic-ossau - Photos grands formats des Pyr\u00e9n\u00e9es\" \/>\n<meta property=\"og:description\" content=\"Tirage de photo artistique du pic du Midi d&#039;Ossau par Christophe de Prada - format 100x75 cm - cadre slim pr\u00eat \u00e0 l&#039;accrochage\" \/>\n<meta property=\"og:url\" content=\"https:\/\/pirenifoto.info\/boutique\/produit\/photo-art-pic-ossau\/\" \/>\n<meta property=\"og:site_name\" content=\"Photos grands formats des Pyr\u00e9n\u00e9es\" \/>\n<meta property=\"article:modified_time\" content=\"2025-09-22T14:35:11+00:00\" \/>\n<meta property=\"og:image\" content=\"https:\/\/pirenifoto.info\/boutique\/wp-content\/uploads\/2023\/08\/aussau3.jpg\" \/>\n\t<meta property=\"og:image:width\" content=\"627\" \/>\n\t<meta property=\"og:image:height\" content=\"418\" \/>\n\t<meta property=\"og:image:type\" content=\"image\/jpeg\" \/>\n<meta name=\"twitter:card\" content=\"summary_large_image\" \/>\n<meta name=\"twitter:site\" content=\"@pirenifoto\" \/>\n<meta name=\"twitter:label1\" content=\"Dur\u00e9e de lecture estim\u00e9e\" \/>\n\t<meta name=\"twitter:data1\" content=\"1 minute\" \/>\n<!-- \/ Yoast SEO plugin. -->","yoast_head_json":{"title":"photo-art-pic-ossau - Photos grands formats des Pyr\u00e9n\u00e9es","description":"Tirage de photo artistique du pic du Midi d'Ossau par Christophe de Prada - format 100x75 cm - cadre slim pr\u00eat \u00e0 l'accrochage","robots":{"index":"index","follow":"follow","max-snippet":"max-snippet:-1","max-image-preview":"max-image-preview:large","max-video-preview":"max-video-preview:-1"},"canonical":"https:\/\/pirenifoto.info\/boutique\/produit\/photo-art-pic-ossau\/","og_locale":"fr_FR","og_type":"article","og_title":"photo-art-pic-ossau - Photos grands formats des Pyr\u00e9n\u00e9es","og_description":"Tirage de photo artistique du pic du Midi d'Ossau par Christophe de Prada - format 100x75 cm - cadre slim pr\u00eat \u00e0 l'accrochage","og_url":"https:\/\/pirenifoto.info\/boutique\/produit\/photo-art-pic-ossau\/","og_site_name":"Photos grands formats des Pyr\u00e9n\u00e9es","article_modified_time":"2025-09-22T14:35:11+00:00","og_image":[{"width":627,"height":418,"url":"https:\/\/pirenifoto.info\/boutique\/wp-content\/uploads\/2023\/08\/aussau3.jpg","type":"image\/jpeg"}],"twitter_card":"summary_large_image","twitter_site":"@pirenifoto","twitter_misc":{"Dur\u00e9e de lecture estim\u00e9e":"1 minute"},"schema":{"@context":"https:\/\/schema.org","@graph":[{"@type":["WebPage","ItemPage"],"@id":"https:\/\/pirenifoto.info\/boutique\/produit\/photo-art-pic-ossau\/","url":"https:\/\/pirenifoto.info\/boutique\/produit\/photo-art-pic-ossau\/","name":"photo-art-pic-ossau - Photos grands formats des Pyr\u00e9n\u00e9es","isPartOf":{"@id":"https:\/\/pirenifoto.info\/boutique\/#website"},"primaryImageOfPage":{"@id":"https:\/\/pirenifoto.info\/boutique\/produit\/photo-art-pic-ossau\/#primaryimage"},"image":{"@id":"https:\/\/pirenifoto.info\/boutique\/produit\/photo-art-pic-ossau\/#primaryimage"},"thumbnailUrl":"https:\/\/i0.wp.com\/pirenifoto.info\/boutique\/wp-content\/uploads\/2023\/08\/aussau3.jpg?fit=627%2C418&ssl=1","datePublished":"2023-08-02T21:02:57+00:00","dateModified":"2025-09-22T14:35:11+00:00","description":"Tirage de photo artistique du pic du Midi d'Ossau par Christophe de Prada - format 100x75 cm - cadre slim pr\u00eat \u00e0 l'accrochage","breadcrumb":{"@id":"https:\/\/pirenifoto.info\/boutique\/produit\/photo-art-pic-ossau\/#breadcrumb"},"inLanguage":"fr-FR","potentialAction":[{"@type":"ReadAction","target":["https:\/\/pirenifoto.info\/boutique\/produit\/photo-art-pic-ossau\/"]}]},{"@type":"ImageObject","inLanguage":"fr-FR","@id":"https:\/\/pirenifoto.info\/boutique\/produit\/photo-art-pic-ossau\/#primaryimage","url":"https:\/\/i0.wp.com\/pirenifoto.info\/boutique\/wp-content\/uploads\/2023\/08\/aussau3.jpg?fit=627%2C418&ssl=1","contentUrl":"https:\/\/i0.wp.com\/pirenifoto.info\/boutique\/wp-content\/uploads\/2023\/08\/aussau3.jpg?fit=627%2C418&ssl=1","width":627,"height":418,"caption":"photo d'art pic d'Ossau"},{"@type":"BreadcrumbList","@id":"https:\/\/pirenifoto.info\/boutique\/produit\/photo-art-pic-ossau\/#breadcrumb","itemListElement":[{"@type":"ListItem","position":1,"name":"Accueil","item":"https:\/\/pirenifoto.info\/boutique\/"},{"@type":"ListItem","position":2,"name":"Boutique photos des Pyr\u00e9n\u00e9es","item":"https:\/\/pirenifoto.info\/boutique\/"},{"@type":"ListItem","position":3,"name":"Art Collection","item":"https:\/\/pirenifoto.info\/boutique\/photo\/art-collection\/"},{"@type":"ListItem","position":4,"name":"photo-art-pic-ossau"}]},{"@type":"WebSite","@id":"https:\/\/pirenifoto.info\/boutique\/#website","url":"https:\/\/pirenifoto.info\/boutique\/","name":"pirenifoto.info\/boutique","description":"Pirenifoto - Christophe de Prada","publisher":{"@id":"https:\/\/pirenifoto.info\/boutique\/#organization"},"alternateName":"boutique photo Pirenifoto","potentialAction":[{"@type":"SearchAction","target":{"@type":"EntryPoint","urlTemplate":"https:\/\/pirenifoto.info\/boutique\/?s={search_term_string}"},"query-input":{"@type":"PropertyValueSpecification","valueRequired":true,"valueName":"search_term_string"}}],"inLanguage":"fr-FR"},{"@type":"Organization","@id":"https:\/\/pirenifoto.info\/boutique\/#organization","name":"Photos grands formats des Pyr\u00e9n\u00e9es","alternateName":"photos des Pyr\u00e9n\u00e9es par Christophe de Prada","url":"https:\/\/pirenifoto.info\/boutique\/","logo":{"@type":"ImageObject","inLanguage":"fr-FR","@id":"https:\/\/pirenifoto.info\/boutique\/#\/schema\/logo\/image\/","url":"https:\/\/pirenifoto.info\/boutique\/wp-content\/uploads\/2025\/06\/new-logo72.jpg","contentUrl":"https:\/\/pirenifoto.info\/boutique\/wp-content\/uploads\/2025\/06\/new-logo72.jpg","width":512,"height":512,"caption":"Photos grands formats des Pyr\u00e9n\u00e9es"},"image":{"@id":"https:\/\/pirenifoto.info\/boutique\/#\/schema\/logo\/image\/"},"sameAs":["https:\/\/x.com\/pirenifoto","https:\/\/www.tiktok.com\/@pirenifoto"]}]}},"_links":{"self":[{"href":"https:\/\/pirenifoto.info\/boutique\/wp-json\/wp\/v2\/product\/493","targetHints":{"allow":["GET"]}}],"collection":[{"href":"https:\/\/pirenifoto.info\/boutique\/wp-json\/wp\/v2\/product"}],"about":[{"href":"https:\/\/pirenifoto.info\/boutique\/wp-json\/wp\/v2\/types\/product"}],"replies":[{"embeddable":true,"href":"https:\/\/pirenifoto.info\/boutique\/wp-json\/wp\/v2\/comments?post=493"}],"wp:featuredmedia":[{"embeddable":true,"href":"https:\/\/pirenifoto.info\/boutique\/wp-json\/wp\/v2\/media\/494"}],"wp:attachment":[{"href":"https:\/\/pirenifoto.info\/boutique\/wp-json\/wp\/v2\/media?parent=493"}],"wp:term":[{"taxonomy":"product_brand","embeddable":true,"href":"https:\/\/pirenifoto.info\/boutique\/wp-json\/wp\/v2\/product_brand?post=493"},{"taxonomy":"product_cat","embeddable":true,"href":"https:\/\/pirenifoto.info\/boutique\/wp-json\/wp\/v2\/product_cat?post=493"},{"taxonomy":"product_tag","embeddable":true,"href":"https:\/\/pirenifoto.info\/boutique\/wp-json\/wp\/v2\/product_tag?post=493"}],"curies":[{"name":"wp","href":"https:\/\/api.w.org\/{rel}","templated":true}]}}