{"id":235,"date":"2022-12-21T10:51:03","date_gmt":"2022-12-21T10:51:03","guid":{"rendered":"https:\/\/pirenifoto.info\/boutique\/?post_type=product&#038;p=235"},"modified":"2025-11-01T18:30:36","modified_gmt":"2025-11-01T18:30:36","slug":"photo-alu-ossau","status":"publish","type":"product","link":"https:\/\/pirenifoto.info\/boutique\/produit\/photo-alu-ossau\/","title":{"rendered":"photo-alu-Ossau"},"content":{"rendered":"<p><img data-recalc-dims=\"1\" loading=\"lazy\" decoding=\"async\" src=\"https:\/\/i0.wp.com\/pirenifoto.info\/boutique\/wp-content\/uploads\/2022\/10\/aussau.jpg?resize=300%2C200&#038;ssl=1\" alt=\"photo du pic du Midi d\u2019Ossau depuis les lacs d\u2019Ayous en B\u00e9arn\" width=\"300\" height=\"200\" class=\"alignnone size-medium wp-image-73\" srcset=\"https:\/\/i0.wp.com\/pirenifoto.info\/boutique\/wp-content\/uploads\/2022\/10\/aussau.jpg?resize=300%2C200&amp;ssl=1 300w, https:\/\/i0.wp.com\/pirenifoto.info\/boutique\/wp-content\/uploads\/2022\/10\/aussau.jpg?resize=600%2C400&amp;ssl=1 600w, https:\/\/i0.wp.com\/pirenifoto.info\/boutique\/wp-content\/uploads\/2022\/10\/aussau.jpg?resize=1024%2C683&amp;ssl=1 1024w, https:\/\/i0.wp.com\/pirenifoto.info\/boutique\/wp-content\/uploads\/2022\/10\/aussau.jpg?resize=768%2C512&amp;ssl=1 768w, https:\/\/i0.wp.com\/pirenifoto.info\/boutique\/wp-content\/uploads\/2022\/10\/aussau.jpg?w=1272&amp;ssl=1 1272w\" sizes=\"auto, (max-width: 300px) 100vw, 300px\" \/><\/p>\n","protected":false},"excerpt":{"rendered":"<p>Le pic d\u2019Ossau &#8211; tirage photo sur alu-dibond<\/p>\n","protected":false},"featured_media":73,"comment_status":"closed","ping_status":"closed","template":"","meta":[],"product_brand":[],"product_cat":[24],"product_tag":[],"class_list":{"0":"post-235","1":"product","2":"type-product","3":"status-publish","4":"has-post-thumbnail","6":"product_cat-tirages-alu-dibond","8":"first","9":"instock","10":"sale","11":"taxable","12":"shipping-taxable","13":"purchasable","14":"product-type-simple"},"yoast_head":"<!-- This site is optimized with the Yoast SEO plugin v27.3 - https:\/\/yoast.com\/product\/yoast-seo-wordpress\/ -->\n<title>photo-alu-Ossau - Photos grands formats des Pyr\u00e9n\u00e9es<\/title>\n<meta name=\"description\" content=\"tirage photo sur alu-dibond du pic d\u2019Ossau dans le Haut-B\u00e9arn - format 60x40 cm - livraison gratuite\" \/>\n<meta name=\"robots\" content=\"index, follow, max-snippet:-1, max-image-preview:large, max-video-preview:-1\" \/>\n<link rel=\"canonical\" href=\"https:\/\/pirenifoto.info\/boutique\/produit\/photo-alu-ossau\/\" \/>\n<meta property=\"og:locale\" content=\"fr_FR\" \/>\n<meta property=\"og:type\" content=\"article\" \/>\n<meta property=\"og:title\" content=\"photo-alu-Ossau - Photos grands formats des Pyr\u00e9n\u00e9es\" \/>\n<meta property=\"og:description\" content=\"tirage photo sur alu-dibond du pic d\u2019Ossau dans le Haut-B\u00e9arn - format 60x40 cm - livraison gratuite\" \/>\n<meta property=\"og:url\" content=\"https:\/\/pirenifoto.info\/boutique\/produit\/photo-alu-ossau\/\" \/>\n<meta property=\"og:site_name\" content=\"Photos grands formats des Pyr\u00e9n\u00e9es\" \/>\n<meta property=\"article:modified_time\" content=\"2025-11-01T18:30:36+00:00\" \/>\n<meta property=\"og:image\" content=\"https:\/\/pirenifoto.info\/boutique\/wp-content\/uploads\/2022\/10\/aussau.jpg\" \/>\n\t<meta property=\"og:image:width\" content=\"1272\" \/>\n\t<meta property=\"og:image:height\" content=\"848\" \/>\n\t<meta property=\"og:image:type\" content=\"image\/jpeg\" \/>\n<meta name=\"twitter:card\" content=\"summary_large_image\" \/>\n<meta name=\"twitter:site\" content=\"@pirenifoto\" \/>\n<meta name=\"twitter:label1\" content=\"Dur\u00e9e de lecture estim\u00e9e\" \/>\n\t<meta name=\"twitter:data1\" content=\"1 minute\" \/>\n<!-- \/ Yoast SEO plugin. -->","yoast_head_json":{"title":"photo-alu-Ossau - Photos grands formats des Pyr\u00e9n\u00e9es","description":"tirage photo sur alu-dibond du pic d\u2019Ossau dans le Haut-B\u00e9arn - format 60x40 cm - livraison gratuite","robots":{"index":"index","follow":"follow","max-snippet":"max-snippet:-1","max-image-preview":"max-image-preview:large","max-video-preview":"max-video-preview:-1"},"canonical":"https:\/\/pirenifoto.info\/boutique\/produit\/photo-alu-ossau\/","og_locale":"fr_FR","og_type":"article","og_title":"photo-alu-Ossau - Photos grands formats des Pyr\u00e9n\u00e9es","og_description":"tirage photo sur alu-dibond du pic d\u2019Ossau dans le Haut-B\u00e9arn - format 60x40 cm - livraison gratuite","og_url":"https:\/\/pirenifoto.info\/boutique\/produit\/photo-alu-ossau\/","og_site_name":"Photos grands formats des Pyr\u00e9n\u00e9es","article_modified_time":"2025-11-01T18:30:36+00:00","og_image":[{"width":1272,"height":848,"url":"https:\/\/pirenifoto.info\/boutique\/wp-content\/uploads\/2022\/10\/aussau.jpg","type":"image\/jpeg"}],"twitter_card":"summary_large_image","twitter_site":"@pirenifoto","twitter_misc":{"Dur\u00e9e de lecture estim\u00e9e":"1 minute"},"schema":{"@context":"https:\/\/schema.org","@graph":[{"@type":["WebPage","SearchResultsPage"],"@id":"https:\/\/pirenifoto.info\/boutique\/produit\/photo-alu-ossau\/","url":"https:\/\/pirenifoto.info\/boutique\/produit\/photo-alu-ossau\/","name":"photo-alu-Ossau - Photos grands formats des Pyr\u00e9n\u00e9es","isPartOf":{"@id":"https:\/\/pirenifoto.info\/boutique\/#website"},"primaryImageOfPage":{"@id":"https:\/\/pirenifoto.info\/boutique\/produit\/photo-alu-ossau\/#primaryimage"},"image":{"@id":"https:\/\/pirenifoto.info\/boutique\/produit\/photo-alu-ossau\/#primaryimage"},"thumbnailUrl":"https:\/\/i0.wp.com\/pirenifoto.info\/boutique\/wp-content\/uploads\/2022\/10\/aussau.jpg?fit=1272%2C848&ssl=1","datePublished":"2022-12-21T10:51:03+00:00","dateModified":"2025-11-01T18:30:36+00:00","description":"tirage photo sur alu-dibond du pic d\u2019Ossau dans le Haut-B\u00e9arn - format 60x40 cm - livraison gratuite","breadcrumb":{"@id":"https:\/\/pirenifoto.info\/boutique\/produit\/photo-alu-ossau\/#breadcrumb"},"inLanguage":"fr-FR","potentialAction":[{"@type":"ReadAction","target":["https:\/\/pirenifoto.info\/boutique\/produit\/photo-alu-ossau\/"]}]},{"@type":"ImageObject","inLanguage":"fr-FR","@id":"https:\/\/pirenifoto.info\/boutique\/produit\/photo-alu-ossau\/#primaryimage","url":"https:\/\/i0.wp.com\/pirenifoto.info\/boutique\/wp-content\/uploads\/2022\/10\/aussau.jpg?fit=1272%2C848&ssl=1","contentUrl":"https:\/\/i0.wp.com\/pirenifoto.info\/boutique\/wp-content\/uploads\/2022\/10\/aussau.jpg?fit=1272%2C848&ssl=1","width":1272,"height":848,"caption":"photo du pic du Midi d'Ossau depuis les lacs d'Ayous en B\u00e9arn"},{"@type":"BreadcrumbList","@id":"https:\/\/pirenifoto.info\/boutique\/produit\/photo-alu-ossau\/#breadcrumb","itemListElement":[{"@type":"ListItem","position":1,"name":"Accueil","item":"https:\/\/pirenifoto.info\/boutique\/"},{"@type":"ListItem","position":2,"name":"Boutique photos des Pyr\u00e9n\u00e9es","item":"https:\/\/pirenifoto.info\/boutique\/"},{"@type":"ListItem","position":3,"name":"Alu dibond","item":"https:\/\/pirenifoto.info\/boutique\/photo\/tirages-alu-dibond\/"},{"@type":"ListItem","position":4,"name":"photo-alu-Ossau"}]},{"@type":"WebSite","@id":"https:\/\/pirenifoto.info\/boutique\/#website","url":"https:\/\/pirenifoto.info\/boutique\/","name":"pirenifoto.info\/boutique","description":"Pirenifoto - Christophe de Prada","publisher":{"@id":"https:\/\/pirenifoto.info\/boutique\/#organization"},"alternateName":"boutique photo Pirenifoto","potentialAction":[{"@type":"SearchAction","target":{"@type":"EntryPoint","urlTemplate":"https:\/\/pirenifoto.info\/boutique\/?s={search_term_string}"},"query-input":{"@type":"PropertyValueSpecification","valueRequired":true,"valueName":"search_term_string"}}],"inLanguage":"fr-FR"},{"@type":"Organization","@id":"https:\/\/pirenifoto.info\/boutique\/#organization","name":"Photos grands formats des Pyr\u00e9n\u00e9es","alternateName":"photos des Pyr\u00e9n\u00e9es par Christophe de Prada","url":"https:\/\/pirenifoto.info\/boutique\/","logo":{"@type":"ImageObject","inLanguage":"fr-FR","@id":"https:\/\/pirenifoto.info\/boutique\/#\/schema\/logo\/image\/","url":"https:\/\/pirenifoto.info\/boutique\/wp-content\/uploads\/2025\/06\/new-logo72.jpg","contentUrl":"https:\/\/pirenifoto.info\/boutique\/wp-content\/uploads\/2025\/06\/new-logo72.jpg","width":512,"height":512,"caption":"Photos grands formats des Pyr\u00e9n\u00e9es"},"image":{"@id":"https:\/\/pirenifoto.info\/boutique\/#\/schema\/logo\/image\/"},"sameAs":["https:\/\/x.com\/pirenifoto","https:\/\/www.tiktok.com\/@pirenifoto"]}]}},"_links":{"self":[{"href":"https:\/\/pirenifoto.info\/boutique\/wp-json\/wp\/v2\/product\/235","targetHints":{"allow":["GET"]}}],"collection":[{"href":"https:\/\/pirenifoto.info\/boutique\/wp-json\/wp\/v2\/product"}],"about":[{"href":"https:\/\/pirenifoto.info\/boutique\/wp-json\/wp\/v2\/types\/product"}],"replies":[{"embeddable":true,"href":"https:\/\/pirenifoto.info\/boutique\/wp-json\/wp\/v2\/comments?post=235"}],"wp:featuredmedia":[{"embeddable":true,"href":"https:\/\/pirenifoto.info\/boutique\/wp-json\/wp\/v2\/media\/73"}],"wp:attachment":[{"href":"https:\/\/pirenifoto.info\/boutique\/wp-json\/wp\/v2\/media?parent=235"}],"wp:term":[{"taxonomy":"product_brand","embeddable":true,"href":"https:\/\/pirenifoto.info\/boutique\/wp-json\/wp\/v2\/product_brand?post=235"},{"taxonomy":"product_cat","embeddable":true,"href":"https:\/\/pirenifoto.info\/boutique\/wp-json\/wp\/v2\/product_cat?post=235"},{"taxonomy":"product_tag","embeddable":true,"href":"https:\/\/pirenifoto.info\/boutique\/wp-json\/wp\/v2\/product_tag?post=235"}],"curies":[{"name":"wp","href":"https:\/\/api.w.org\/{rel}","templated":true}]}}