{"id":215,"date":"2022-11-22T07:48:16","date_gmt":"2022-11-22T07:48:16","guid":{"rendered":"https:\/\/pirenifoto.info\/boutique\/?post_type=product&#038;p=215"},"modified":"2025-09-06T17:17:08","modified_gmt":"2025-09-06T17:17:08","slug":"photo-alu-chevaux-arbailles","status":"publish","type":"product","link":"https:\/\/pirenifoto.info\/boutique\/produit\/photo-alu-chevaux-arbailles\/","title":{"rendered":"photo-alu-chevaux-arbailles"},"content":{"rendered":"<p><img data-recalc-dims=\"1\" loading=\"lazy\" decoding=\"async\" class=\"alignnone size-medium wp-image-216\" src=\"https:\/\/i0.wp.com\/pirenifoto.info\/boutique\/wp-content\/uploads\/2022\/11\/behorlegi-zaldiak.jpg?resize=300%2C200&#038;ssl=1\" alt=\"chevaux en libert\u00e9 dans la montagne basque\" width=\"300\" height=\"200\" srcset=\"https:\/\/i0.wp.com\/pirenifoto.info\/boutique\/wp-content\/uploads\/2022\/11\/behorlegi-zaldiak.jpg?resize=300%2C200&amp;ssl=1 300w, https:\/\/i0.wp.com\/pirenifoto.info\/boutique\/wp-content\/uploads\/2022\/11\/behorlegi-zaldiak.jpg?resize=600%2C400&amp;ssl=1 600w, https:\/\/i0.wp.com\/pirenifoto.info\/boutique\/wp-content\/uploads\/2022\/11\/behorlegi-zaldiak.jpg?w=627&amp;ssl=1 627w\" sizes=\"auto, (max-width: 300px) 100vw, 300px\" \/><\/p>\n<p>&nbsp;<\/p>\n<p>&nbsp;<\/p>\n","protected":false},"excerpt":{"rendered":"<p>tirage direct sur alu dibond 3mm 40&#215;60 cm &#8211; pr\u00eat \u00e0 accrocher<\/p>\n","protected":false},"featured_media":216,"comment_status":"closed","ping_status":"closed","template":"","meta":[],"product_brand":[],"product_cat":[24],"product_tag":[165],"class_list":{"0":"post-215","1":"product","2":"type-product","3":"status-publish","4":"has-post-thumbnail","6":"product_cat-tirages-alu-dibond","7":"product_tag-tirage-photo-alu-dibond-3mm-format-40x60-cm-pret-a-accrocher-frais-denvoi-compris","9":"first","10":"instock","11":"sale","12":"taxable","13":"shipping-taxable","14":"purchasable","15":"product-type-simple"},"yoast_head":"<!-- This site is optimized with the Yoast SEO plugin v27.3 - https:\/\/yoast.com\/product\/yoast-seo-wordpress\/ -->\n<title>photo-alu-chevaux-arbailles - Photos grands formats des Pyr\u00e9n\u00e9es<\/title>\n<meta name=\"description\" content=\"photo-alu-chevaux-arbailles\" \/>\n<meta name=\"robots\" content=\"index, follow, max-snippet:-1, max-image-preview:large, max-video-preview:-1\" \/>\n<link rel=\"canonical\" href=\"https:\/\/pirenifoto.info\/boutique\/produit\/photo-alu-chevaux-arbailles\/\" \/>\n<meta property=\"og:locale\" content=\"fr_FR\" \/>\n<meta property=\"og:type\" content=\"article\" \/>\n<meta property=\"og:title\" content=\"photo-alu-chevaux-arbailles - Photos grands formats des Pyr\u00e9n\u00e9es\" \/>\n<meta property=\"og:description\" content=\"photo-alu-chevaux-arbailles\" \/>\n<meta property=\"og:url\" content=\"https:\/\/pirenifoto.info\/boutique\/produit\/photo-alu-chevaux-arbailles\/\" \/>\n<meta property=\"og:site_name\" content=\"Photos grands formats des Pyr\u00e9n\u00e9es\" \/>\n<meta property=\"article:modified_time\" content=\"2025-09-06T17:17:08+00:00\" \/>\n<meta property=\"og:image\" content=\"https:\/\/pirenifoto.info\/boutique\/wp-content\/uploads\/2022\/11\/behorlegi-zaldiak.jpg\" \/>\n\t<meta property=\"og:image:width\" content=\"627\" \/>\n\t<meta property=\"og:image:height\" content=\"418\" \/>\n\t<meta property=\"og:image:type\" content=\"image\/jpeg\" \/>\n<meta name=\"twitter:card\" content=\"summary_large_image\" \/>\n<meta name=\"twitter:site\" content=\"@pirenifoto\" \/>\n<!-- \/ Yoast SEO plugin. -->","yoast_head_json":{"title":"photo-alu-chevaux-arbailles - Photos grands formats des Pyr\u00e9n\u00e9es","description":"photo-alu-chevaux-arbailles","robots":{"index":"index","follow":"follow","max-snippet":"max-snippet:-1","max-image-preview":"max-image-preview:large","max-video-preview":"max-video-preview:-1"},"canonical":"https:\/\/pirenifoto.info\/boutique\/produit\/photo-alu-chevaux-arbailles\/","og_locale":"fr_FR","og_type":"article","og_title":"photo-alu-chevaux-arbailles - Photos grands formats des Pyr\u00e9n\u00e9es","og_description":"photo-alu-chevaux-arbailles","og_url":"https:\/\/pirenifoto.info\/boutique\/produit\/photo-alu-chevaux-arbailles\/","og_site_name":"Photos grands formats des Pyr\u00e9n\u00e9es","article_modified_time":"2025-09-06T17:17:08+00:00","og_image":[{"width":627,"height":418,"url":"https:\/\/pirenifoto.info\/boutique\/wp-content\/uploads\/2022\/11\/behorlegi-zaldiak.jpg","type":"image\/jpeg"}],"twitter_card":"summary_large_image","twitter_site":"@pirenifoto","schema":{"@context":"https:\/\/schema.org","@graph":[{"@type":["WebPage","ItemPage"],"@id":"https:\/\/pirenifoto.info\/boutique\/produit\/photo-alu-chevaux-arbailles\/","url":"https:\/\/pirenifoto.info\/boutique\/produit\/photo-alu-chevaux-arbailles\/","name":"photo-alu-chevaux-arbailles - Photos grands formats des Pyr\u00e9n\u00e9es","isPartOf":{"@id":"https:\/\/pirenifoto.info\/boutique\/#website"},"primaryImageOfPage":{"@id":"https:\/\/pirenifoto.info\/boutique\/produit\/photo-alu-chevaux-arbailles\/#primaryimage"},"image":{"@id":"https:\/\/pirenifoto.info\/boutique\/produit\/photo-alu-chevaux-arbailles\/#primaryimage"},"thumbnailUrl":"https:\/\/i0.wp.com\/pirenifoto.info\/boutique\/wp-content\/uploads\/2022\/11\/behorlegi-zaldiak.jpg?fit=627%2C418&ssl=1","datePublished":"2022-11-22T07:48:16+00:00","dateModified":"2025-09-06T17:17:08+00:00","description":"photo-alu-chevaux-arbailles","breadcrumb":{"@id":"https:\/\/pirenifoto.info\/boutique\/produit\/photo-alu-chevaux-arbailles\/#breadcrumb"},"inLanguage":"fr-FR","potentialAction":[{"@type":"ReadAction","target":["https:\/\/pirenifoto.info\/boutique\/produit\/photo-alu-chevaux-arbailles\/"]}]},{"@type":"ImageObject","inLanguage":"fr-FR","@id":"https:\/\/pirenifoto.info\/boutique\/produit\/photo-alu-chevaux-arbailles\/#primaryimage","url":"https:\/\/i0.wp.com\/pirenifoto.info\/boutique\/wp-content\/uploads\/2022\/11\/behorlegi-zaldiak.jpg?fit=627%2C418&ssl=1","contentUrl":"https:\/\/i0.wp.com\/pirenifoto.info\/boutique\/wp-content\/uploads\/2022\/11\/behorlegi-zaldiak.jpg?fit=627%2C418&ssl=1","width":627,"height":418,"caption":"chevaux en libert\u00e9 dans la montagne basque"},{"@type":"BreadcrumbList","@id":"https:\/\/pirenifoto.info\/boutique\/produit\/photo-alu-chevaux-arbailles\/#breadcrumb","itemListElement":[{"@type":"ListItem","position":1,"name":"Accueil","item":"https:\/\/pirenifoto.info\/boutique\/"},{"@type":"ListItem","position":2,"name":"Boutique photos des Pyr\u00e9n\u00e9es","item":"https:\/\/pirenifoto.info\/boutique\/"},{"@type":"ListItem","position":3,"name":"Alu dibond","item":"https:\/\/pirenifoto.info\/boutique\/photo\/tirages-alu-dibond\/"},{"@type":"ListItem","position":4,"name":"photo-alu-chevaux-arbailles"}]},{"@type":"WebSite","@id":"https:\/\/pirenifoto.info\/boutique\/#website","url":"https:\/\/pirenifoto.info\/boutique\/","name":"pirenifoto.info\/boutique","description":"Pirenifoto - Christophe de Prada","publisher":{"@id":"https:\/\/pirenifoto.info\/boutique\/#organization"},"alternateName":"boutique photo Pirenifoto","potentialAction":[{"@type":"SearchAction","target":{"@type":"EntryPoint","urlTemplate":"https:\/\/pirenifoto.info\/boutique\/?s={search_term_string}"},"query-input":{"@type":"PropertyValueSpecification","valueRequired":true,"valueName":"search_term_string"}}],"inLanguage":"fr-FR"},{"@type":"Organization","@id":"https:\/\/pirenifoto.info\/boutique\/#organization","name":"Photos grands formats des Pyr\u00e9n\u00e9es","alternateName":"photos des Pyr\u00e9n\u00e9es par Christophe de Prada","url":"https:\/\/pirenifoto.info\/boutique\/","logo":{"@type":"ImageObject","inLanguage":"fr-FR","@id":"https:\/\/pirenifoto.info\/boutique\/#\/schema\/logo\/image\/","url":"https:\/\/pirenifoto.info\/boutique\/wp-content\/uploads\/2025\/06\/new-logo72.jpg","contentUrl":"https:\/\/pirenifoto.info\/boutique\/wp-content\/uploads\/2025\/06\/new-logo72.jpg","width":512,"height":512,"caption":"Photos grands formats des Pyr\u00e9n\u00e9es"},"image":{"@id":"https:\/\/pirenifoto.info\/boutique\/#\/schema\/logo\/image\/"},"sameAs":["https:\/\/x.com\/pirenifoto","https:\/\/www.tiktok.com\/@pirenifoto"]}]}},"_links":{"self":[{"href":"https:\/\/pirenifoto.info\/boutique\/wp-json\/wp\/v2\/product\/215","targetHints":{"allow":["GET"]}}],"collection":[{"href":"https:\/\/pirenifoto.info\/boutique\/wp-json\/wp\/v2\/product"}],"about":[{"href":"https:\/\/pirenifoto.info\/boutique\/wp-json\/wp\/v2\/types\/product"}],"replies":[{"embeddable":true,"href":"https:\/\/pirenifoto.info\/boutique\/wp-json\/wp\/v2\/comments?post=215"}],"wp:featuredmedia":[{"embeddable":true,"href":"https:\/\/pirenifoto.info\/boutique\/wp-json\/wp\/v2\/media\/216"}],"wp:attachment":[{"href":"https:\/\/pirenifoto.info\/boutique\/wp-json\/wp\/v2\/media?parent=215"}],"wp:term":[{"taxonomy":"product_brand","embeddable":true,"href":"https:\/\/pirenifoto.info\/boutique\/wp-json\/wp\/v2\/product_brand?post=215"},{"taxonomy":"product_cat","embeddable":true,"href":"https:\/\/pirenifoto.info\/boutique\/wp-json\/wp\/v2\/product_cat?post=215"},{"taxonomy":"product_tag","embeddable":true,"href":"https:\/\/pirenifoto.info\/boutique\/wp-json\/wp\/v2\/product_tag?post=215"}],"curies":[{"name":"wp","href":"https:\/\/api.w.org\/{rel}","templated":true}]}}