{"id":211,"date":"2022-11-17T14:57:15","date_gmt":"2022-11-17T14:57:15","guid":{"rendered":"https:\/\/pirenifoto.info\/boutique\/?post_type=product&#038;p=211"},"modified":"2025-08-06T16:26:09","modified_gmt":"2025-08-06T16:26:09","slug":"panoramique-arthanolatze","status":"publish","type":"product","link":"https:\/\/pirenifoto.info\/boutique\/produit\/panoramique-arthanolatze\/","title":{"rendered":"panoramique-Arthanolatze"},"content":{"rendered":"<p><img data-recalc-dims=\"1\" loading=\"lazy\" decoding=\"async\" class=\"alignnone wp-image-166 size-medium\" src=\"https:\/\/i0.wp.com\/pirenifoto.info\/boutique\/wp-content\/uploads\/2022\/10\/arthanolatze.jpg?resize=300%2C120&#038;ssl=1\" alt=\"\" width=\"300\" height=\"120\" \/><\/p>\n","protected":false},"excerpt":{"rendered":"<p>tirage pano sur Forex 5mm &#8211; format 80&#215;20 cm<\/p>\n","protected":false},"featured_media":166,"comment_status":"closed","ping_status":"closed","template":"","meta":[],"product_brand":[],"product_cat":[25],"product_tag":[182],"class_list":{"0":"post-211","1":"product","2":"type-product","3":"status-publish","4":"has-post-thumbnail","6":"product_cat-tirages-panoramiques","7":"product_tag-photo-panoramique-du-cayolar-darthanolatze-format-80x20-cm","9":"first","10":"instock","11":"sale","12":"taxable","13":"shipping-taxable","14":"purchasable","15":"product-type-simple"},"yoast_head":"<!-- This site is optimized with the Yoast SEO plugin v27.3 - https:\/\/yoast.com\/product\/yoast-seo-wordpress\/ -->\n<title>panoramique-Arthanolatze - Photos grands formats des Pyr\u00e9n\u00e9es<\/title>\n<meta name=\"description\" content=\"tirage photo panoramique du cayolar d&#039;Arthanolatze en Haute-Soule avec le pic d&#039;Orhy en fond - format 80x20 cm - pr\u00eat \u00e0 l&#039;accrochage\" \/>\n<meta name=\"robots\" content=\"index, follow, max-snippet:-1, max-image-preview:large, max-video-preview:-1\" \/>\n<link rel=\"canonical\" href=\"https:\/\/pirenifoto.info\/boutique\/produit\/panoramique-arthanolatze\/\" \/>\n<meta property=\"og:locale\" content=\"fr_FR\" \/>\n<meta property=\"og:type\" content=\"article\" \/>\n<meta property=\"og:title\" content=\"panoramique-Arthanolatze - Photos grands formats des Pyr\u00e9n\u00e9es\" \/>\n<meta property=\"og:description\" content=\"tirage photo panoramique du cayolar d&#039;Arthanolatze en Haute-Soule avec le pic d&#039;Orhy en fond - format 80x20 cm - pr\u00eat \u00e0 l&#039;accrochage\" \/>\n<meta property=\"og:url\" content=\"https:\/\/pirenifoto.info\/boutique\/produit\/panoramique-arthanolatze\/\" \/>\n<meta property=\"og:site_name\" content=\"Photos grands formats des Pyr\u00e9n\u00e9es\" \/>\n<meta property=\"article:modified_time\" content=\"2025-08-06T16:26:09+00:00\" \/>\n<meta property=\"og:image\" content=\"https:\/\/pirenifoto.info\/boutique\/wp-content\/uploads\/2022\/10\/arthanolatze-scaled-e1674730676968.jpg\" \/>\n\t<meta property=\"og:image:width\" content=\"1600\" \/>\n\t<meta property=\"og:image:height\" content=\"643\" \/>\n\t<meta property=\"og:image:type\" content=\"image\/jpeg\" \/>\n<meta name=\"twitter:card\" content=\"summary_large_image\" \/>\n<meta name=\"twitter:site\" content=\"@pirenifoto\" \/>\n<meta name=\"twitter:label1\" content=\"Dur\u00e9e de lecture estim\u00e9e\" \/>\n\t<meta name=\"twitter:data1\" content=\"1 minute\" \/>\n<!-- \/ Yoast SEO plugin. -->","yoast_head_json":{"title":"panoramique-Arthanolatze - Photos grands formats des Pyr\u00e9n\u00e9es","description":"tirage photo panoramique du cayolar d'Arthanolatze en Haute-Soule avec le pic d'Orhy en fond - format 80x20 cm - pr\u00eat \u00e0 l'accrochage","robots":{"index":"index","follow":"follow","max-snippet":"max-snippet:-1","max-image-preview":"max-image-preview:large","max-video-preview":"max-video-preview:-1"},"canonical":"https:\/\/pirenifoto.info\/boutique\/produit\/panoramique-arthanolatze\/","og_locale":"fr_FR","og_type":"article","og_title":"panoramique-Arthanolatze - Photos grands formats des Pyr\u00e9n\u00e9es","og_description":"tirage photo panoramique du cayolar d'Arthanolatze en Haute-Soule avec le pic d'Orhy en fond - format 80x20 cm - pr\u00eat \u00e0 l'accrochage","og_url":"https:\/\/pirenifoto.info\/boutique\/produit\/panoramique-arthanolatze\/","og_site_name":"Photos grands formats des Pyr\u00e9n\u00e9es","article_modified_time":"2025-08-06T16:26:09+00:00","og_image":[{"width":1600,"height":643,"url":"https:\/\/pirenifoto.info\/boutique\/wp-content\/uploads\/2022\/10\/arthanolatze-scaled-e1674730676968.jpg","type":"image\/jpeg"}],"twitter_card":"summary_large_image","twitter_site":"@pirenifoto","twitter_misc":{"Dur\u00e9e de lecture estim\u00e9e":"1 minute"},"schema":{"@context":"https:\/\/schema.org","@graph":[{"@type":["WebPage","ItemPage"],"@id":"https:\/\/pirenifoto.info\/boutique\/produit\/panoramique-arthanolatze\/","url":"https:\/\/pirenifoto.info\/boutique\/produit\/panoramique-arthanolatze\/","name":"panoramique-Arthanolatze - Photos grands formats des Pyr\u00e9n\u00e9es","isPartOf":{"@id":"https:\/\/pirenifoto.info\/boutique\/#website"},"primaryImageOfPage":{"@id":"https:\/\/pirenifoto.info\/boutique\/produit\/panoramique-arthanolatze\/#primaryimage"},"image":{"@id":"https:\/\/pirenifoto.info\/boutique\/produit\/panoramique-arthanolatze\/#primaryimage"},"thumbnailUrl":"https:\/\/i0.wp.com\/pirenifoto.info\/boutique\/wp-content\/uploads\/2022\/10\/arthanolatze-scaled-e1754578395707.jpg?fit=500%2C155&ssl=1","datePublished":"2022-11-17T14:57:15+00:00","dateModified":"2025-08-06T16:26:09+00:00","description":"tirage photo panoramique du cayolar d'Arthanolatze en Haute-Soule avec le pic d'Orhy en fond - format 80x20 cm - pr\u00eat \u00e0 l'accrochage","breadcrumb":{"@id":"https:\/\/pirenifoto.info\/boutique\/produit\/panoramique-arthanolatze\/#breadcrumb"},"inLanguage":"fr-FR","potentialAction":[{"@type":"ReadAction","target":["https:\/\/pirenifoto.info\/boutique\/produit\/panoramique-arthanolatze\/"]}]},{"@type":"ImageObject","inLanguage":"fr-FR","@id":"https:\/\/pirenifoto.info\/boutique\/produit\/panoramique-arthanolatze\/#primaryimage","url":"https:\/\/i0.wp.com\/pirenifoto.info\/boutique\/wp-content\/uploads\/2022\/10\/arthanolatze-scaled-e1754578395707.jpg?fit=500%2C155&ssl=1","contentUrl":"https:\/\/i0.wp.com\/pirenifoto.info\/boutique\/wp-content\/uploads\/2022\/10\/arthanolatze-scaled-e1754578395707.jpg?fit=500%2C155&ssl=1","width":500,"height":155},{"@type":"BreadcrumbList","@id":"https:\/\/pirenifoto.info\/boutique\/produit\/panoramique-arthanolatze\/#breadcrumb","itemListElement":[{"@type":"ListItem","position":1,"name":"Accueil","item":"https:\/\/pirenifoto.info\/boutique\/"},{"@type":"ListItem","position":2,"name":"Boutique photos des Pyr\u00e9n\u00e9es","item":"https:\/\/pirenifoto.info\/boutique\/"},{"@type":"ListItem","position":3,"name":"photos panoramiques 80x20 cm","item":"https:\/\/pirenifoto.info\/boutique\/photo\/tirages-panoramiques\/"},{"@type":"ListItem","position":4,"name":"panoramique-Arthanolatze"}]},{"@type":"WebSite","@id":"https:\/\/pirenifoto.info\/boutique\/#website","url":"https:\/\/pirenifoto.info\/boutique\/","name":"pirenifoto.info\/boutique","description":"Pirenifoto - Christophe de Prada","publisher":{"@id":"https:\/\/pirenifoto.info\/boutique\/#organization"},"alternateName":"boutique photo Pirenifoto","potentialAction":[{"@type":"SearchAction","target":{"@type":"EntryPoint","urlTemplate":"https:\/\/pirenifoto.info\/boutique\/?s={search_term_string}"},"query-input":{"@type":"PropertyValueSpecification","valueRequired":true,"valueName":"search_term_string"}}],"inLanguage":"fr-FR"},{"@type":"Organization","@id":"https:\/\/pirenifoto.info\/boutique\/#organization","name":"Photos grands formats des Pyr\u00e9n\u00e9es","alternateName":"photos des Pyr\u00e9n\u00e9es par Christophe de Prada","url":"https:\/\/pirenifoto.info\/boutique\/","logo":{"@type":"ImageObject","inLanguage":"fr-FR","@id":"https:\/\/pirenifoto.info\/boutique\/#\/schema\/logo\/image\/","url":"https:\/\/pirenifoto.info\/boutique\/wp-content\/uploads\/2025\/06\/new-logo72.jpg","contentUrl":"https:\/\/pirenifoto.info\/boutique\/wp-content\/uploads\/2025\/06\/new-logo72.jpg","width":512,"height":512,"caption":"Photos grands formats des Pyr\u00e9n\u00e9es"},"image":{"@id":"https:\/\/pirenifoto.info\/boutique\/#\/schema\/logo\/image\/"},"sameAs":["https:\/\/x.com\/pirenifoto","https:\/\/www.tiktok.com\/@pirenifoto"]}]}},"_links":{"self":[{"href":"https:\/\/pirenifoto.info\/boutique\/wp-json\/wp\/v2\/product\/211","targetHints":{"allow":["GET"]}}],"collection":[{"href":"https:\/\/pirenifoto.info\/boutique\/wp-json\/wp\/v2\/product"}],"about":[{"href":"https:\/\/pirenifoto.info\/boutique\/wp-json\/wp\/v2\/types\/product"}],"replies":[{"embeddable":true,"href":"https:\/\/pirenifoto.info\/boutique\/wp-json\/wp\/v2\/comments?post=211"}],"wp:featuredmedia":[{"embeddable":true,"href":"https:\/\/pirenifoto.info\/boutique\/wp-json\/wp\/v2\/media\/166"}],"wp:attachment":[{"href":"https:\/\/pirenifoto.info\/boutique\/wp-json\/wp\/v2\/media?parent=211"}],"wp:term":[{"taxonomy":"product_brand","embeddable":true,"href":"https:\/\/pirenifoto.info\/boutique\/wp-json\/wp\/v2\/product_brand?post=211"},{"taxonomy":"product_cat","embeddable":true,"href":"https:\/\/pirenifoto.info\/boutique\/wp-json\/wp\/v2\/product_cat?post=211"},{"taxonomy":"product_tag","embeddable":true,"href":"https:\/\/pirenifoto.info\/boutique\/wp-json\/wp\/v2\/product_tag?post=211"}],"curies":[{"name":"wp","href":"https:\/\/api.w.org\/{rel}","templated":true}]}}