{"id":207,"date":"2022-11-17T14:49:11","date_gmt":"2022-11-17T14:49:11","guid":{"rendered":"https:\/\/pirenifoto.info\/boutique\/?post_type=product&#038;p=207"},"modified":"2025-08-07T14:57:20","modified_gmt":"2025-08-07T14:57:20","slug":"panoramique-irati-neige","status":"publish","type":"product","link":"https:\/\/pirenifoto.info\/boutique\/produit\/panoramique-irati-neige\/","title":{"rendered":"panoramique-Irati-neige"},"content":{"rendered":"<p><img data-recalc-dims=\"1\" loading=\"lazy\" decoding=\"async\" class=\"alignnone wp-image-174 size-medium\" src=\"https:\/\/i0.wp.com\/pirenifoto.info\/boutique\/wp-content\/uploads\/2022\/10\/Irati-elurra-300x127.jpg?resize=300%2C127&#038;ssl=1\" alt=\"\" width=\"300\" height=\"127\" \/><\/p>\n","protected":false},"excerpt":{"rendered":"<p>tirage pano sur Forex 5mm &#8211; format 80&#215;20 cm<\/p>\n","protected":false},"featured_media":174,"comment_status":"closed","ping_status":"closed","template":"","meta":[],"product_brand":[],"product_cat":[25],"product_tag":[186],"class_list":{"0":"post-207","1":"product","2":"type-product","3":"status-publish","4":"has-post-thumbnail","6":"product_cat-tirages-panoramiques","7":"product_tag-photo-panoramique-diraty-sous-la-neige-format-80x20-cm","9":"first","10":"instock","11":"sale","12":"taxable","13":"shipping-taxable","14":"purchasable","15":"product-type-simple"},"yoast_head":"<!-- This site is optimized with the Yoast SEO plugin v27.3 - https:\/\/yoast.com\/product\/yoast-seo-wordpress\/ -->\n<title>panoramique-Irati-neige - Photos grands formats des Pyr\u00e9n\u00e9es<\/title>\n<meta name=\"description\" content=\"tirage photo panoramique des chalets d&#039;Iraty sous la neige en hiver avec le pic d&#039;Orhy en fond - format 80x20 cm - pr\u00eat \u00e0 l&#039;accrochage\" \/>\n<meta name=\"robots\" content=\"index, follow, max-snippet:-1, max-image-preview:large, max-video-preview:-1\" \/>\n<link rel=\"canonical\" href=\"https:\/\/pirenifoto.info\/boutique\/produit\/panoramique-irati-neige\/\" \/>\n<meta property=\"og:locale\" content=\"fr_FR\" \/>\n<meta property=\"og:type\" content=\"article\" \/>\n<meta property=\"og:title\" content=\"panoramique-Irati-neige - Photos grands formats des Pyr\u00e9n\u00e9es\" \/>\n<meta property=\"og:description\" content=\"tirage photo panoramique des chalets d&#039;Iraty sous la neige en hiver avec le pic d&#039;Orhy en fond - format 80x20 cm - pr\u00eat \u00e0 l&#039;accrochage\" \/>\n<meta property=\"og:url\" content=\"https:\/\/pirenifoto.info\/boutique\/produit\/panoramique-irati-neige\/\" \/>\n<meta property=\"og:site_name\" content=\"Photos grands formats des Pyr\u00e9n\u00e9es\" \/>\n<meta property=\"article:modified_time\" content=\"2025-08-07T14:57:20+00:00\" \/>\n<meta property=\"og:image\" content=\"https:\/\/pirenifoto.info\/boutique\/wp-content\/uploads\/2022\/10\/Irati-elurra-scaled-e1754578633832.jpg\" \/>\n\t<meta property=\"og:image:width\" content=\"500\" \/>\n\t<meta property=\"og:image:height\" content=\"174\" \/>\n\t<meta property=\"og:image:type\" content=\"image\/jpeg\" \/>\n<meta name=\"twitter:card\" content=\"summary_large_image\" \/>\n<meta name=\"twitter:site\" content=\"@pirenifoto\" \/>\n<meta name=\"twitter:label1\" content=\"Dur\u00e9e de lecture estim\u00e9e\" \/>\n\t<meta name=\"twitter:data1\" content=\"1 minute\" \/>\n<!-- \/ Yoast SEO plugin. -->","yoast_head_json":{"title":"panoramique-Irati-neige - Photos grands formats des Pyr\u00e9n\u00e9es","description":"tirage photo panoramique des chalets d'Iraty sous la neige en hiver avec le pic d'Orhy en fond - format 80x20 cm - pr\u00eat \u00e0 l'accrochage","robots":{"index":"index","follow":"follow","max-snippet":"max-snippet:-1","max-image-preview":"max-image-preview:large","max-video-preview":"max-video-preview:-1"},"canonical":"https:\/\/pirenifoto.info\/boutique\/produit\/panoramique-irati-neige\/","og_locale":"fr_FR","og_type":"article","og_title":"panoramique-Irati-neige - Photos grands formats des Pyr\u00e9n\u00e9es","og_description":"tirage photo panoramique des chalets d'Iraty sous la neige en hiver avec le pic d'Orhy en fond - format 80x20 cm - pr\u00eat \u00e0 l'accrochage","og_url":"https:\/\/pirenifoto.info\/boutique\/produit\/panoramique-irati-neige\/","og_site_name":"Photos grands formats des Pyr\u00e9n\u00e9es","article_modified_time":"2025-08-07T14:57:20+00:00","og_image":[{"width":500,"height":174,"url":"https:\/\/pirenifoto.info\/boutique\/wp-content\/uploads\/2022\/10\/Irati-elurra-scaled-e1754578633832.jpg","type":"image\/jpeg"}],"twitter_card":"summary_large_image","twitter_site":"@pirenifoto","twitter_misc":{"Dur\u00e9e de lecture estim\u00e9e":"1 minute"},"schema":{"@context":"https:\/\/schema.org","@graph":[{"@type":["WebPage","ItemPage"],"@id":"https:\/\/pirenifoto.info\/boutique\/produit\/panoramique-irati-neige\/","url":"https:\/\/pirenifoto.info\/boutique\/produit\/panoramique-irati-neige\/","name":"panoramique-Irati-neige - Photos grands formats des Pyr\u00e9n\u00e9es","isPartOf":{"@id":"https:\/\/pirenifoto.info\/boutique\/#website"},"primaryImageOfPage":{"@id":"https:\/\/pirenifoto.info\/boutique\/produit\/panoramique-irati-neige\/#primaryimage"},"image":{"@id":"https:\/\/pirenifoto.info\/boutique\/produit\/panoramique-irati-neige\/#primaryimage"},"thumbnailUrl":"https:\/\/i0.wp.com\/pirenifoto.info\/boutique\/wp-content\/uploads\/2022\/10\/Irati-elurra-scaled-e1754578633832.jpg?fit=500%2C174&ssl=1","datePublished":"2022-11-17T14:49:11+00:00","dateModified":"2025-08-07T14:57:20+00:00","description":"tirage photo panoramique des chalets d'Iraty sous la neige en hiver avec le pic d'Orhy en fond - format 80x20 cm - pr\u00eat \u00e0 l'accrochage","breadcrumb":{"@id":"https:\/\/pirenifoto.info\/boutique\/produit\/panoramique-irati-neige\/#breadcrumb"},"inLanguage":"fr-FR","potentialAction":[{"@type":"ReadAction","target":["https:\/\/pirenifoto.info\/boutique\/produit\/panoramique-irati-neige\/"]}]},{"@type":"ImageObject","inLanguage":"fr-FR","@id":"https:\/\/pirenifoto.info\/boutique\/produit\/panoramique-irati-neige\/#primaryimage","url":"https:\/\/i0.wp.com\/pirenifoto.info\/boutique\/wp-content\/uploads\/2022\/10\/Irati-elurra-scaled-e1754578633832.jpg?fit=500%2C174&ssl=1","contentUrl":"https:\/\/i0.wp.com\/pirenifoto.info\/boutique\/wp-content\/uploads\/2022\/10\/Irati-elurra-scaled-e1754578633832.jpg?fit=500%2C174&ssl=1","width":500,"height":174,"caption":"vue du pic d\u2019Orhi enneig\u00e9 depuis la station de ski de fond d\u2019Irati"},{"@type":"BreadcrumbList","@id":"https:\/\/pirenifoto.info\/boutique\/produit\/panoramique-irati-neige\/#breadcrumb","itemListElement":[{"@type":"ListItem","position":1,"name":"Accueil","item":"https:\/\/pirenifoto.info\/boutique\/"},{"@type":"ListItem","position":2,"name":"Boutique photos des Pyr\u00e9n\u00e9es","item":"https:\/\/pirenifoto.info\/boutique\/"},{"@type":"ListItem","position":3,"name":"photos panoramiques 80x20 cm","item":"https:\/\/pirenifoto.info\/boutique\/photo\/tirages-panoramiques\/"},{"@type":"ListItem","position":4,"name":"panoramique-Irati-neige"}]},{"@type":"WebSite","@id":"https:\/\/pirenifoto.info\/boutique\/#website","url":"https:\/\/pirenifoto.info\/boutique\/","name":"pirenifoto.info\/boutique","description":"Pirenifoto - Christophe de Prada","publisher":{"@id":"https:\/\/pirenifoto.info\/boutique\/#organization"},"alternateName":"boutique photo Pirenifoto","potentialAction":[{"@type":"SearchAction","target":{"@type":"EntryPoint","urlTemplate":"https:\/\/pirenifoto.info\/boutique\/?s={search_term_string}"},"query-input":{"@type":"PropertyValueSpecification","valueRequired":true,"valueName":"search_term_string"}}],"inLanguage":"fr-FR"},{"@type":"Organization","@id":"https:\/\/pirenifoto.info\/boutique\/#organization","name":"Photos grands formats des Pyr\u00e9n\u00e9es","alternateName":"photos des Pyr\u00e9n\u00e9es par Christophe de Prada","url":"https:\/\/pirenifoto.info\/boutique\/","logo":{"@type":"ImageObject","inLanguage":"fr-FR","@id":"https:\/\/pirenifoto.info\/boutique\/#\/schema\/logo\/image\/","url":"https:\/\/pirenifoto.info\/boutique\/wp-content\/uploads\/2025\/06\/new-logo72.jpg","contentUrl":"https:\/\/pirenifoto.info\/boutique\/wp-content\/uploads\/2025\/06\/new-logo72.jpg","width":512,"height":512,"caption":"Photos grands formats des Pyr\u00e9n\u00e9es"},"image":{"@id":"https:\/\/pirenifoto.info\/boutique\/#\/schema\/logo\/image\/"},"sameAs":["https:\/\/x.com\/pirenifoto","https:\/\/www.tiktok.com\/@pirenifoto"]}]}},"_links":{"self":[{"href":"https:\/\/pirenifoto.info\/boutique\/wp-json\/wp\/v2\/product\/207","targetHints":{"allow":["GET"]}}],"collection":[{"href":"https:\/\/pirenifoto.info\/boutique\/wp-json\/wp\/v2\/product"}],"about":[{"href":"https:\/\/pirenifoto.info\/boutique\/wp-json\/wp\/v2\/types\/product"}],"replies":[{"embeddable":true,"href":"https:\/\/pirenifoto.info\/boutique\/wp-json\/wp\/v2\/comments?post=207"}],"wp:featuredmedia":[{"embeddable":true,"href":"https:\/\/pirenifoto.info\/boutique\/wp-json\/wp\/v2\/media\/174"}],"wp:attachment":[{"href":"https:\/\/pirenifoto.info\/boutique\/wp-json\/wp\/v2\/media?parent=207"}],"wp:term":[{"taxonomy":"product_brand","embeddable":true,"href":"https:\/\/pirenifoto.info\/boutique\/wp-json\/wp\/v2\/product_brand?post=207"},{"taxonomy":"product_cat","embeddable":true,"href":"https:\/\/pirenifoto.info\/boutique\/wp-json\/wp\/v2\/product_cat?post=207"},{"taxonomy":"product_tag","embeddable":true,"href":"https:\/\/pirenifoto.info\/boutique\/wp-json\/wp\/v2\/product_tag?post=207"}],"curies":[{"name":"wp","href":"https:\/\/api.w.org\/{rel}","templated":true}]}}