{"id":1421,"date":"2026-02-06T14:31:49","date_gmt":"2026-02-06T14:31:49","guid":{"rendered":"https:\/\/pirenifoto.info\/boutique\/?post_type=product&#038;p=1421"},"modified":"2026-03-10T19:45:48","modified_gmt":"2026-03-10T19:45:48","slug":"guide-du-photographe-dans-les-pyrenees","status":"publish","type":"product","link":"https:\/\/pirenifoto.info\/boutique\/produit\/guide-du-photographe-dans-les-pyrenees\/","title":{"rendered":"guide du photographe dans les Pyr\u00e9n\u00e9es"},"content":{"rendered":"<p>guide photographe Pyr\u00e9n\u00e9es en PDF<\/p>\n","protected":false},"excerpt":{"rendered":"<p>guide PDF du photographe dans les Pyr\u00e9n\u00e9es<\/p>\n","protected":false},"featured_media":1430,"comment_status":"open","ping_status":"closed","template":"","meta":[],"product_brand":[],"product_cat":[309],"product_tag":[],"class_list":{"0":"post-1421","1":"product","2":"type-product","3":"status-publish","4":"has-post-thumbnail","6":"product_cat-guide-du-photographe","8":"first","9":"instock","10":"downloadable","11":"purchasable","12":"product-type-simple"},"yoast_head":"<!-- This site is optimized with the Yoast SEO plugin v27.3 - https:\/\/yoast.com\/product\/yoast-seo-wordpress\/ -->\n<title>guide du photographe dans les Pyr\u00e9n\u00e9es - Photos grands formats des Pyr\u00e9n\u00e9es<\/title>\n<meta name=\"description\" content=\"guide PDF du photographe dans les Pyr\u00e9n\u00e9es par Christophe de Prada - Premi\u00e8re \u00e9dition\" \/>\n<meta name=\"robots\" content=\"index, follow, max-snippet:-1, max-image-preview:large, max-video-preview:-1\" \/>\n<link rel=\"canonical\" href=\"https:\/\/pirenifoto.info\/boutique\/produit\/guide-du-photographe-dans-les-pyrenees\/\" \/>\n<meta property=\"og:locale\" content=\"fr_FR\" \/>\n<meta property=\"og:type\" content=\"article\" \/>\n<meta property=\"og:title\" content=\"guide du photographe dans les Pyr\u00e9n\u00e9es - Photos grands formats des Pyr\u00e9n\u00e9es\" \/>\n<meta property=\"og:description\" content=\"guide PDF du photographe dans les Pyr\u00e9n\u00e9es par Christophe de Prada - Premi\u00e8re \u00e9dition\" \/>\n<meta property=\"og:url\" content=\"https:\/\/pirenifoto.info\/boutique\/produit\/guide-du-photographe-dans-les-pyrenees\/\" \/>\n<meta property=\"og:site_name\" content=\"Photos grands formats des Pyr\u00e9n\u00e9es\" \/>\n<meta property=\"article:modified_time\" content=\"2026-03-10T19:45:48+00:00\" \/>\n<meta property=\"og:image\" content=\"https:\/\/pirenifoto.info\/boutique\/wp-content\/uploads\/2026\/02\/1000005834.png\" \/>\n\t<meta property=\"og:image:width\" content=\"934\" \/>\n\t<meta property=\"og:image:height\" content=\"1427\" \/>\n\t<meta property=\"og:image:type\" content=\"image\/png\" \/>\n<meta name=\"twitter:card\" content=\"summary_large_image\" \/>\n<meta name=\"twitter:site\" content=\"@pirenifoto\" \/>\n<meta name=\"twitter:label1\" content=\"Dur\u00e9e de lecture estim\u00e9e\" \/>\n\t<meta name=\"twitter:data1\" content=\"1 minute\" \/>\n<!-- \/ Yoast SEO plugin. -->","yoast_head_json":{"title":"guide du photographe dans les Pyr\u00e9n\u00e9es - Photos grands formats des Pyr\u00e9n\u00e9es","description":"guide PDF du photographe dans les Pyr\u00e9n\u00e9es par Christophe de Prada - Premi\u00e8re \u00e9dition","robots":{"index":"index","follow":"follow","max-snippet":"max-snippet:-1","max-image-preview":"max-image-preview:large","max-video-preview":"max-video-preview:-1"},"canonical":"https:\/\/pirenifoto.info\/boutique\/produit\/guide-du-photographe-dans-les-pyrenees\/","og_locale":"fr_FR","og_type":"article","og_title":"guide du photographe dans les Pyr\u00e9n\u00e9es - Photos grands formats des Pyr\u00e9n\u00e9es","og_description":"guide PDF du photographe dans les Pyr\u00e9n\u00e9es par Christophe de Prada - Premi\u00e8re \u00e9dition","og_url":"https:\/\/pirenifoto.info\/boutique\/produit\/guide-du-photographe-dans-les-pyrenees\/","og_site_name":"Photos grands formats des Pyr\u00e9n\u00e9es","article_modified_time":"2026-03-10T19:45:48+00:00","og_image":[{"width":934,"height":1427,"url":"https:\/\/pirenifoto.info\/boutique\/wp-content\/uploads\/2026\/02\/1000005834.png","type":"image\/png"}],"twitter_card":"summary_large_image","twitter_site":"@pirenifoto","twitter_misc":{"Dur\u00e9e de lecture estim\u00e9e":"1 minute"},"schema":{"@context":"https:\/\/schema.org","@graph":[{"@type":["WebPage","ItemPage"],"@id":"https:\/\/pirenifoto.info\/boutique\/produit\/guide-du-photographe-dans-les-pyrenees\/","url":"https:\/\/pirenifoto.info\/boutique\/produit\/guide-du-photographe-dans-les-pyrenees\/","name":"guide du photographe dans les Pyr\u00e9n\u00e9es - Photos grands formats des Pyr\u00e9n\u00e9es","isPartOf":{"@id":"https:\/\/pirenifoto.info\/boutique\/#website"},"primaryImageOfPage":{"@id":"https:\/\/pirenifoto.info\/boutique\/produit\/guide-du-photographe-dans-les-pyrenees\/#primaryimage"},"image":{"@id":"https:\/\/pirenifoto.info\/boutique\/produit\/guide-du-photographe-dans-les-pyrenees\/#primaryimage"},"thumbnailUrl":"https:\/\/i0.wp.com\/pirenifoto.info\/boutique\/wp-content\/uploads\/2026\/02\/1000005834.png?fit=934%2C1427&ssl=1","datePublished":"2026-02-06T14:31:49+00:00","dateModified":"2026-03-10T19:45:48+00:00","description":"guide PDF du photographe dans les Pyr\u00e9n\u00e9es par Christophe de Prada - Premi\u00e8re \u00e9dition","breadcrumb":{"@id":"https:\/\/pirenifoto.info\/boutique\/produit\/guide-du-photographe-dans-les-pyrenees\/#breadcrumb"},"inLanguage":"fr-FR","potentialAction":[{"@type":"ReadAction","target":["https:\/\/pirenifoto.info\/boutique\/produit\/guide-du-photographe-dans-les-pyrenees\/"]}]},{"@type":"ImageObject","inLanguage":"fr-FR","@id":"https:\/\/pirenifoto.info\/boutique\/produit\/guide-du-photographe-dans-les-pyrenees\/#primaryimage","url":"https:\/\/i0.wp.com\/pirenifoto.info\/boutique\/wp-content\/uploads\/2026\/02\/1000005834.png?fit=934%2C1427&ssl=1","contentUrl":"https:\/\/i0.wp.com\/pirenifoto.info\/boutique\/wp-content\/uploads\/2026\/02\/1000005834.png?fit=934%2C1427&ssl=1","width":934,"height":1427},{"@type":"BreadcrumbList","@id":"https:\/\/pirenifoto.info\/boutique\/produit\/guide-du-photographe-dans-les-pyrenees\/#breadcrumb","itemListElement":[{"@type":"ListItem","position":1,"name":"Accueil","item":"https:\/\/pirenifoto.info\/boutique\/"},{"@type":"ListItem","position":2,"name":"Boutique photos des Pyr\u00e9n\u00e9es","item":"https:\/\/pirenifoto.info\/boutique\/"},{"@type":"ListItem","position":3,"name":"Guide du photographe","item":"https:\/\/pirenifoto.info\/boutique\/photo\/guide-du-photographe\/"},{"@type":"ListItem","position":4,"name":"guide du photographe dans les Pyr\u00e9n\u00e9es"}]},{"@type":"WebSite","@id":"https:\/\/pirenifoto.info\/boutique\/#website","url":"https:\/\/pirenifoto.info\/boutique\/","name":"pirenifoto.info\/boutique","description":"Pirenifoto - Christophe de Prada","publisher":{"@id":"https:\/\/pirenifoto.info\/boutique\/#organization"},"alternateName":"boutique photo Pirenifoto","potentialAction":[{"@type":"SearchAction","target":{"@type":"EntryPoint","urlTemplate":"https:\/\/pirenifoto.info\/boutique\/?s={search_term_string}"},"query-input":{"@type":"PropertyValueSpecification","valueRequired":true,"valueName":"search_term_string"}}],"inLanguage":"fr-FR"},{"@type":"Organization","@id":"https:\/\/pirenifoto.info\/boutique\/#organization","name":"Photos grands formats des Pyr\u00e9n\u00e9es","alternateName":"photos des Pyr\u00e9n\u00e9es par Christophe de Prada","url":"https:\/\/pirenifoto.info\/boutique\/","logo":{"@type":"ImageObject","inLanguage":"fr-FR","@id":"https:\/\/pirenifoto.info\/boutique\/#\/schema\/logo\/image\/","url":"https:\/\/pirenifoto.info\/boutique\/wp-content\/uploads\/2025\/06\/new-logo72.jpg","contentUrl":"https:\/\/pirenifoto.info\/boutique\/wp-content\/uploads\/2025\/06\/new-logo72.jpg","width":512,"height":512,"caption":"Photos grands formats des Pyr\u00e9n\u00e9es"},"image":{"@id":"https:\/\/pirenifoto.info\/boutique\/#\/schema\/logo\/image\/"},"sameAs":["https:\/\/x.com\/pirenifoto","https:\/\/www.tiktok.com\/@pirenifoto"]}]}},"_links":{"self":[{"href":"https:\/\/pirenifoto.info\/boutique\/wp-json\/wp\/v2\/product\/1421","targetHints":{"allow":["GET"]}}],"collection":[{"href":"https:\/\/pirenifoto.info\/boutique\/wp-json\/wp\/v2\/product"}],"about":[{"href":"https:\/\/pirenifoto.info\/boutique\/wp-json\/wp\/v2\/types\/product"}],"replies":[{"embeddable":true,"href":"https:\/\/pirenifoto.info\/boutique\/wp-json\/wp\/v2\/comments?post=1421"}],"wp:featuredmedia":[{"embeddable":true,"href":"https:\/\/pirenifoto.info\/boutique\/wp-json\/wp\/v2\/media\/1430"}],"wp:attachment":[{"href":"https:\/\/pirenifoto.info\/boutique\/wp-json\/wp\/v2\/media?parent=1421"}],"wp:term":[{"taxonomy":"product_brand","embeddable":true,"href":"https:\/\/pirenifoto.info\/boutique\/wp-json\/wp\/v2\/product_brand?post=1421"},{"taxonomy":"product_cat","embeddable":true,"href":"https:\/\/pirenifoto.info\/boutique\/wp-json\/wp\/v2\/product_cat?post=1421"},{"taxonomy":"product_tag","embeddable":true,"href":"https:\/\/pirenifoto.info\/boutique\/wp-json\/wp\/v2\/product_tag?post=1421"}],"curies":[{"name":"wp","href":"https:\/\/api.w.org\/{rel}","templated":true}]}}