{"id":1387,"date":"2025-12-29T17:28:17","date_gmt":"2025-12-29T17:28:17","guid":{"rendered":"https:\/\/pirenifoto.info\/boutique\/?post_type=product&#038;p=1387"},"modified":"2025-12-29T17:28:17","modified_gmt":"2025-12-29T17:28:17","slug":"berger-saratxe-pvc90x60cm","status":"publish","type":"product","link":"https:\/\/pirenifoto.info\/boutique\/produit\/berger-saratxe-pvc90x60cm\/","title":{"rendered":"berger-saratxe-pvc90x60cm"},"content":{"rendered":"<div id=\"attachment_119\" style=\"width: 310px\" class=\"wp-caption alignnone\"><img data-recalc-dims=\"1\" loading=\"lazy\" decoding=\"async\" aria-describedby=\"caption-attachment-119\" src=\"https:\/\/i0.wp.com\/pirenifoto.info\/boutique\/wp-content\/uploads\/2022\/10\/saratxe.jpg?resize=300%2C200&#038;ssl=1\" alt=\"\" width=\"300\" height=\"200\" class=\"size-medium wp-image-119\" srcset=\"https:\/\/i0.wp.com\/pirenifoto.info\/boutique\/wp-content\/uploads\/2022\/10\/saratxe.jpg?resize=300%2C200&amp;ssl=1 300w, https:\/\/i0.wp.com\/pirenifoto.info\/boutique\/wp-content\/uploads\/2022\/10\/saratxe.jpg?resize=600%2C400&amp;ssl=1 600w, https:\/\/i0.wp.com\/pirenifoto.info\/boutique\/wp-content\/uploads\/2022\/10\/saratxe.jpg?w=627&amp;ssl=1 627w\" sizes=\"auto, (max-width: 300px) 100vw, 300px\" \/><p id=\"caption-attachment-119\" class=\"wp-caption-text\">Saratxeko artzaina eta ardiak &#8211; le berger de Saratxe en Haute-Soule avec ses brebis<\/p><\/div>\n","protected":false},"excerpt":{"rendered":"","protected":false},"featured_media":119,"comment_status":"closed","ping_status":"closed","template":"","meta":[],"product_brand":[],"product_cat":[308],"product_tag":[],"class_list":{"0":"post-1387","1":"product","2":"type-product","3":"status-publish","4":"has-post-thumbnail","6":"product_cat-pvc-90x60cm","8":"first","9":"instock","10":"sale","11":"taxable","12":"shipping-taxable","13":"purchasable","14":"product-type-simple"},"yoast_head":"<!-- This site is optimized with the Yoast SEO plugin v27.3 - https:\/\/yoast.com\/product\/yoast-seo-wordpress\/ -->\n<title>berger-saratxe-pvc90x60cm - Photos grands formats des Pyr\u00e9n\u00e9es<\/title>\n<meta name=\"description\" content=\"Poster photo pvc grand format \u00ab\u00a0Berger et son troupeau de brebis au Pays Basque\u00a0\u00bb Expos\u00e9 \u00e0 la boutique Pirenifoto\" \/>\n<meta name=\"robots\" content=\"index, follow, max-snippet:-1, max-image-preview:large, max-video-preview:-1\" \/>\n<link rel=\"canonical\" href=\"https:\/\/pirenifoto.info\/boutique\/produit\/berger-saratxe-pvc90x60cm\/\" \/>\n<meta property=\"og:locale\" content=\"fr_FR\" \/>\n<meta property=\"og:type\" content=\"article\" \/>\n<meta property=\"og:title\" content=\"berger-saratxe-pvc90x60cm - Photos grands formats des Pyr\u00e9n\u00e9es\" \/>\n<meta property=\"og:description\" content=\"Poster photo pvc grand format \u00ab\u00a0Berger et son troupeau de brebis au Pays Basque\u00a0\u00bb Expos\u00e9 \u00e0 la boutique Pirenifoto\" \/>\n<meta property=\"og:url\" content=\"https:\/\/pirenifoto.info\/boutique\/produit\/berger-saratxe-pvc90x60cm\/\" \/>\n<meta property=\"og:site_name\" content=\"Photos grands formats des Pyr\u00e9n\u00e9es\" \/>\n<meta property=\"og:image\" content=\"https:\/\/pirenifoto.info\/boutique\/wp-content\/uploads\/2022\/10\/saratxe.jpg\" \/>\n\t<meta property=\"og:image:width\" content=\"627\" \/>\n\t<meta property=\"og:image:height\" content=\"418\" \/>\n\t<meta property=\"og:image:type\" content=\"image\/jpeg\" \/>\n<meta name=\"twitter:card\" content=\"summary_large_image\" \/>\n<meta name=\"twitter:site\" content=\"@pirenifoto\" \/>\n<meta name=\"twitter:label1\" content=\"Dur\u00e9e de lecture estim\u00e9e\" \/>\n\t<meta name=\"twitter:data1\" content=\"1 minute\" \/>\n<!-- \/ Yoast SEO plugin. -->","yoast_head_json":{"title":"berger-saratxe-pvc90x60cm - Photos grands formats des Pyr\u00e9n\u00e9es","description":"Poster photo pvc grand format \u00ab\u00a0Berger et son troupeau de brebis au Pays Basque\u00a0\u00bb Expos\u00e9 \u00e0 la boutique Pirenifoto","robots":{"index":"index","follow":"follow","max-snippet":"max-snippet:-1","max-image-preview":"max-image-preview:large","max-video-preview":"max-video-preview:-1"},"canonical":"https:\/\/pirenifoto.info\/boutique\/produit\/berger-saratxe-pvc90x60cm\/","og_locale":"fr_FR","og_type":"article","og_title":"berger-saratxe-pvc90x60cm - Photos grands formats des Pyr\u00e9n\u00e9es","og_description":"Poster photo pvc grand format \u00ab\u00a0Berger et son troupeau de brebis au Pays Basque\u00a0\u00bb Expos\u00e9 \u00e0 la boutique Pirenifoto","og_url":"https:\/\/pirenifoto.info\/boutique\/produit\/berger-saratxe-pvc90x60cm\/","og_site_name":"Photos grands formats des Pyr\u00e9n\u00e9es","og_image":[{"width":627,"height":418,"url":"https:\/\/pirenifoto.info\/boutique\/wp-content\/uploads\/2022\/10\/saratxe.jpg","type":"image\/jpeg"}],"twitter_card":"summary_large_image","twitter_site":"@pirenifoto","twitter_misc":{"Dur\u00e9e de lecture estim\u00e9e":"1 minute"},"schema":{"@context":"https:\/\/schema.org","@graph":[{"@type":["WebPage","ItemPage"],"@id":"https:\/\/pirenifoto.info\/boutique\/produit\/berger-saratxe-pvc90x60cm\/","url":"https:\/\/pirenifoto.info\/boutique\/produit\/berger-saratxe-pvc90x60cm\/","name":"berger-saratxe-pvc90x60cm - Photos grands formats des Pyr\u00e9n\u00e9es","isPartOf":{"@id":"https:\/\/pirenifoto.info\/boutique\/#website"},"primaryImageOfPage":{"@id":"https:\/\/pirenifoto.info\/boutique\/produit\/berger-saratxe-pvc90x60cm\/#primaryimage"},"image":{"@id":"https:\/\/pirenifoto.info\/boutique\/produit\/berger-saratxe-pvc90x60cm\/#primaryimage"},"thumbnailUrl":"https:\/\/i0.wp.com\/pirenifoto.info\/boutique\/wp-content\/uploads\/2022\/10\/saratxe.jpg?fit=627%2C418&ssl=1","datePublished":"2025-12-29T17:28:17+00:00","description":"Poster photo pvc grand format \u00ab\u00a0Berger et son troupeau de brebis au Pays Basque\u00a0\u00bb Expos\u00e9 \u00e0 la boutique Pirenifoto","breadcrumb":{"@id":"https:\/\/pirenifoto.info\/boutique\/produit\/berger-saratxe-pvc90x60cm\/#breadcrumb"},"inLanguage":"fr-FR","potentialAction":[{"@type":"ReadAction","target":["https:\/\/pirenifoto.info\/boutique\/produit\/berger-saratxe-pvc90x60cm\/"]}]},{"@type":"ImageObject","inLanguage":"fr-FR","@id":"https:\/\/pirenifoto.info\/boutique\/produit\/berger-saratxe-pvc90x60cm\/#primaryimage","url":"https:\/\/i0.wp.com\/pirenifoto.info\/boutique\/wp-content\/uploads\/2022\/10\/saratxe.jpg?fit=627%2C418&ssl=1","contentUrl":"https:\/\/i0.wp.com\/pirenifoto.info\/boutique\/wp-content\/uploads\/2022\/10\/saratxe.jpg?fit=627%2C418&ssl=1","width":627,"height":418,"caption":"Saratxeko artzaina eta ardiak - le berger de Saratxe en Haute-Soule avec ses brebis"},{"@type":"BreadcrumbList","@id":"https:\/\/pirenifoto.info\/boutique\/produit\/berger-saratxe-pvc90x60cm\/#breadcrumb","itemListElement":[{"@type":"ListItem","position":1,"name":"Accueil","item":"https:\/\/pirenifoto.info\/boutique\/"},{"@type":"ListItem","position":2,"name":"Boutique photos des Pyr\u00e9n\u00e9es","item":"https:\/\/pirenifoto.info\/boutique\/"},{"@type":"ListItem","position":3,"name":"PVC-90x60cm","item":"https:\/\/pirenifoto.info\/boutique\/photo\/pvc-90x60cm\/"},{"@type":"ListItem","position":4,"name":"berger-saratxe-pvc90x60cm"}]},{"@type":"WebSite","@id":"https:\/\/pirenifoto.info\/boutique\/#website","url":"https:\/\/pirenifoto.info\/boutique\/","name":"pirenifoto.info\/boutique","description":"Pirenifoto - Christophe de Prada","publisher":{"@id":"https:\/\/pirenifoto.info\/boutique\/#organization"},"alternateName":"boutique photo Pirenifoto","potentialAction":[{"@type":"SearchAction","target":{"@type":"EntryPoint","urlTemplate":"https:\/\/pirenifoto.info\/boutique\/?s={search_term_string}"},"query-input":{"@type":"PropertyValueSpecification","valueRequired":true,"valueName":"search_term_string"}}],"inLanguage":"fr-FR"},{"@type":"Organization","@id":"https:\/\/pirenifoto.info\/boutique\/#organization","name":"Photos grands formats des Pyr\u00e9n\u00e9es","alternateName":"photos des Pyr\u00e9n\u00e9es par Christophe de Prada","url":"https:\/\/pirenifoto.info\/boutique\/","logo":{"@type":"ImageObject","inLanguage":"fr-FR","@id":"https:\/\/pirenifoto.info\/boutique\/#\/schema\/logo\/image\/","url":"https:\/\/pirenifoto.info\/boutique\/wp-content\/uploads\/2025\/06\/new-logo72.jpg","contentUrl":"https:\/\/pirenifoto.info\/boutique\/wp-content\/uploads\/2025\/06\/new-logo72.jpg","width":512,"height":512,"caption":"Photos grands formats des Pyr\u00e9n\u00e9es"},"image":{"@id":"https:\/\/pirenifoto.info\/boutique\/#\/schema\/logo\/image\/"},"sameAs":["https:\/\/x.com\/pirenifoto","https:\/\/www.tiktok.com\/@pirenifoto"]}]}},"_links":{"self":[{"href":"https:\/\/pirenifoto.info\/boutique\/wp-json\/wp\/v2\/product\/1387","targetHints":{"allow":["GET"]}}],"collection":[{"href":"https:\/\/pirenifoto.info\/boutique\/wp-json\/wp\/v2\/product"}],"about":[{"href":"https:\/\/pirenifoto.info\/boutique\/wp-json\/wp\/v2\/types\/product"}],"replies":[{"embeddable":true,"href":"https:\/\/pirenifoto.info\/boutique\/wp-json\/wp\/v2\/comments?post=1387"}],"wp:featuredmedia":[{"embeddable":true,"href":"https:\/\/pirenifoto.info\/boutique\/wp-json\/wp\/v2\/media\/119"}],"wp:attachment":[{"href":"https:\/\/pirenifoto.info\/boutique\/wp-json\/wp\/v2\/media?parent=1387"}],"wp:term":[{"taxonomy":"product_brand","embeddable":true,"href":"https:\/\/pirenifoto.info\/boutique\/wp-json\/wp\/v2\/product_brand?post=1387"},{"taxonomy":"product_cat","embeddable":true,"href":"https:\/\/pirenifoto.info\/boutique\/wp-json\/wp\/v2\/product_cat?post=1387"},{"taxonomy":"product_tag","embeddable":true,"href":"https:\/\/pirenifoto.info\/boutique\/wp-json\/wp\/v2\/product_tag?post=1387"}],"curies":[{"name":"wp","href":"https:\/\/api.w.org\/{rel}","templated":true}]}}