{"id":1323,"date":"2025-10-25T08:52:08","date_gmt":"2025-10-25T08:52:08","guid":{"rendered":"https:\/\/pirenifoto.info\/boutique\/?post_type=product&#038;p=1323"},"modified":"2025-10-25T09:00:48","modified_gmt":"2025-10-25T09:00:48","slug":"poster-art-brebis-montagne","status":"publish","type":"product","link":"https:\/\/pirenifoto.info\/boutique\/produit\/poster-art-brebis-montagne\/","title":{"rendered":"poster-art-brebis-montagne"},"content":{"rendered":"<p><img data-recalc-dims=\"1\" loading=\"lazy\" decoding=\"async\" src=\"https:\/\/i0.wp.com\/pirenifoto.info\/images\/posterart\/brebis-montagne.jpg?resize=300%2C200&#038;ssl=1\" alt=\"poster photo noir et blanc d'un troupeau de brebis en Haute-Soule\" width=\"300\" height=\"200\" class=\"alignnone size-medium wp-image-1245\" \/><\/p>\n","protected":false},"excerpt":{"rendered":"<p>Tirage photo noir et blanc d&#8217;un troupeau de brebis dans la brume &#8211; s\u00e9rie limit\u00e9e <\/p>\n","protected":false},"featured_media":1324,"comment_status":"closed","ping_status":"closed","template":"","meta":[],"product_brand":[],"product_cat":[305],"product_tag":[],"class_list":{"0":"post-1323","1":"product","2":"type-product","3":"status-publish","4":"has-post-thumbnail","6":"product_cat-posters-collection","8":"first","9":"instock","10":"taxable","11":"shipping-taxable","12":"purchasable","13":"product-type-simple"},"yoast_head":"<!-- This site is optimized with the Yoast SEO plugin v27.3 - https:\/\/yoast.com\/product\/yoast-seo-wordpress\/ -->\n<title>poster-art-brebis-montagne - Photos grands formats des Pyr\u00e9n\u00e9es<\/title>\n<meta name=\"description\" content=\"Poster photo en noir et blanc d&#039;un troupeau de brebis dans le brouillard de la montagne basque par Christophe de Prada - format 80x60 cm - papier Ilford\" \/>\n<meta name=\"robots\" content=\"index, follow, max-snippet:-1, max-image-preview:large, max-video-preview:-1\" \/>\n<link rel=\"canonical\" href=\"https:\/\/pirenifoto.info\/boutique\/produit\/poster-art-brebis-montagne\/\" \/>\n<meta property=\"og:locale\" content=\"fr_FR\" \/>\n<meta property=\"og:type\" content=\"article\" \/>\n<meta property=\"og:title\" content=\"poster-art-brebis-montagne - Photos grands formats des Pyr\u00e9n\u00e9es\" \/>\n<meta property=\"og:description\" content=\"Poster photo en noir et blanc d&#039;un troupeau de brebis dans le brouillard de la montagne basque par Christophe de Prada - format 80x60 cm - papier Ilford\" \/>\n<meta property=\"og:url\" content=\"https:\/\/pirenifoto.info\/boutique\/produit\/poster-art-brebis-montagne\/\" \/>\n<meta property=\"og:site_name\" content=\"Photos grands formats des Pyr\u00e9n\u00e9es\" \/>\n<meta property=\"article:modified_time\" content=\"2025-10-25T09:00:48+00:00\" \/>\n<meta property=\"og:image\" content=\"https:\/\/pirenifoto.info\/boutique\/wp-content\/uploads\/2025\/10\/brebis-montagne.jpg\" \/>\n\t<meta property=\"og:image:width\" content=\"500\" \/>\n\t<meta property=\"og:image:height\" content=\"333\" \/>\n\t<meta property=\"og:image:type\" content=\"image\/jpeg\" \/>\n<meta name=\"twitter:card\" content=\"summary_large_image\" \/>\n<meta name=\"twitter:site\" content=\"@pirenifoto\" \/>\n<meta name=\"twitter:label1\" content=\"Dur\u00e9e de lecture estim\u00e9e\" \/>\n\t<meta name=\"twitter:data1\" content=\"1 minute\" \/>\n<!-- \/ Yoast SEO plugin. -->","yoast_head_json":{"title":"poster-art-brebis-montagne - Photos grands formats des Pyr\u00e9n\u00e9es","description":"Poster photo en noir et blanc d'un troupeau de brebis dans le brouillard de la montagne basque par Christophe de Prada - format 80x60 cm - papier Ilford","robots":{"index":"index","follow":"follow","max-snippet":"max-snippet:-1","max-image-preview":"max-image-preview:large","max-video-preview":"max-video-preview:-1"},"canonical":"https:\/\/pirenifoto.info\/boutique\/produit\/poster-art-brebis-montagne\/","og_locale":"fr_FR","og_type":"article","og_title":"poster-art-brebis-montagne - Photos grands formats des Pyr\u00e9n\u00e9es","og_description":"Poster photo en noir et blanc d'un troupeau de brebis dans le brouillard de la montagne basque par Christophe de Prada - format 80x60 cm - papier Ilford","og_url":"https:\/\/pirenifoto.info\/boutique\/produit\/poster-art-brebis-montagne\/","og_site_name":"Photos grands formats des Pyr\u00e9n\u00e9es","article_modified_time":"2025-10-25T09:00:48+00:00","og_image":[{"width":500,"height":333,"url":"https:\/\/pirenifoto.info\/boutique\/wp-content\/uploads\/2025\/10\/brebis-montagne.jpg","type":"image\/jpeg"}],"twitter_card":"summary_large_image","twitter_site":"@pirenifoto","twitter_misc":{"Dur\u00e9e de lecture estim\u00e9e":"1 minute"},"schema":{"@context":"https:\/\/schema.org","@graph":[{"@type":["WebPage","ItemPage"],"@id":"https:\/\/pirenifoto.info\/boutique\/produit\/poster-art-brebis-montagne\/","url":"https:\/\/pirenifoto.info\/boutique\/produit\/poster-art-brebis-montagne\/","name":"poster-art-brebis-montagne - Photos grands formats des Pyr\u00e9n\u00e9es","isPartOf":{"@id":"https:\/\/pirenifoto.info\/boutique\/#website"},"primaryImageOfPage":{"@id":"https:\/\/pirenifoto.info\/boutique\/produit\/poster-art-brebis-montagne\/#primaryimage"},"image":{"@id":"https:\/\/pirenifoto.info\/boutique\/produit\/poster-art-brebis-montagne\/#primaryimage"},"thumbnailUrl":"https:\/\/i0.wp.com\/pirenifoto.info\/boutique\/wp-content\/uploads\/2025\/10\/brebis-montagne.jpg?fit=500%2C333&ssl=1","datePublished":"2025-10-25T08:52:08+00:00","dateModified":"2025-10-25T09:00:48+00:00","description":"Poster photo en noir et blanc d'un troupeau de brebis dans le brouillard de la montagne basque par Christophe de Prada - format 80x60 cm - papier Ilford","breadcrumb":{"@id":"https:\/\/pirenifoto.info\/boutique\/produit\/poster-art-brebis-montagne\/#breadcrumb"},"inLanguage":"fr-FR","potentialAction":[{"@type":"ReadAction","target":["https:\/\/pirenifoto.info\/boutique\/produit\/poster-art-brebis-montagne\/"]}]},{"@type":"ImageObject","inLanguage":"fr-FR","@id":"https:\/\/pirenifoto.info\/boutique\/produit\/poster-art-brebis-montagne\/#primaryimage","url":"https:\/\/i0.wp.com\/pirenifoto.info\/boutique\/wp-content\/uploads\/2025\/10\/brebis-montagne.jpg?fit=500%2C333&ssl=1","contentUrl":"https:\/\/i0.wp.com\/pirenifoto.info\/boutique\/wp-content\/uploads\/2025\/10\/brebis-montagne.jpg?fit=500%2C333&ssl=1","width":500,"height":333},{"@type":"BreadcrumbList","@id":"https:\/\/pirenifoto.info\/boutique\/produit\/poster-art-brebis-montagne\/#breadcrumb","itemListElement":[{"@type":"ListItem","position":1,"name":"Accueil","item":"https:\/\/pirenifoto.info\/boutique\/"},{"@type":"ListItem","position":2,"name":"Boutique photos des Pyr\u00e9n\u00e9es","item":"https:\/\/pirenifoto.info\/boutique\/"},{"@type":"ListItem","position":3,"name":"Art Collection","item":"https:\/\/pirenifoto.info\/boutique\/photo\/art-collection\/"},{"@type":"ListItem","position":4,"name":"Posters Collection","item":"https:\/\/pirenifoto.info\/boutique\/photo\/art-collection\/posters-collection\/"},{"@type":"ListItem","position":5,"name":"poster-art-brebis-montagne"}]},{"@type":"WebSite","@id":"https:\/\/pirenifoto.info\/boutique\/#website","url":"https:\/\/pirenifoto.info\/boutique\/","name":"pirenifoto.info\/boutique","description":"Pirenifoto - Christophe de Prada","publisher":{"@id":"https:\/\/pirenifoto.info\/boutique\/#organization"},"alternateName":"boutique photo Pirenifoto","potentialAction":[{"@type":"SearchAction","target":{"@type":"EntryPoint","urlTemplate":"https:\/\/pirenifoto.info\/boutique\/?s={search_term_string}"},"query-input":{"@type":"PropertyValueSpecification","valueRequired":true,"valueName":"search_term_string"}}],"inLanguage":"fr-FR"},{"@type":"Organization","@id":"https:\/\/pirenifoto.info\/boutique\/#organization","name":"Photos grands formats des Pyr\u00e9n\u00e9es","alternateName":"photos des Pyr\u00e9n\u00e9es par Christophe de Prada","url":"https:\/\/pirenifoto.info\/boutique\/","logo":{"@type":"ImageObject","inLanguage":"fr-FR","@id":"https:\/\/pirenifoto.info\/boutique\/#\/schema\/logo\/image\/","url":"https:\/\/pirenifoto.info\/boutique\/wp-content\/uploads\/2025\/06\/new-logo72.jpg","contentUrl":"https:\/\/pirenifoto.info\/boutique\/wp-content\/uploads\/2025\/06\/new-logo72.jpg","width":512,"height":512,"caption":"Photos grands formats des Pyr\u00e9n\u00e9es"},"image":{"@id":"https:\/\/pirenifoto.info\/boutique\/#\/schema\/logo\/image\/"},"sameAs":["https:\/\/x.com\/pirenifoto","https:\/\/www.tiktok.com\/@pirenifoto"]}]}},"_links":{"self":[{"href":"https:\/\/pirenifoto.info\/boutique\/wp-json\/wp\/v2\/product\/1323","targetHints":{"allow":["GET"]}}],"collection":[{"href":"https:\/\/pirenifoto.info\/boutique\/wp-json\/wp\/v2\/product"}],"about":[{"href":"https:\/\/pirenifoto.info\/boutique\/wp-json\/wp\/v2\/types\/product"}],"replies":[{"embeddable":true,"href":"https:\/\/pirenifoto.info\/boutique\/wp-json\/wp\/v2\/comments?post=1323"}],"wp:featuredmedia":[{"embeddable":true,"href":"https:\/\/pirenifoto.info\/boutique\/wp-json\/wp\/v2\/media\/1324"}],"wp:attachment":[{"href":"https:\/\/pirenifoto.info\/boutique\/wp-json\/wp\/v2\/media?parent=1323"}],"wp:term":[{"taxonomy":"product_brand","embeddable":true,"href":"https:\/\/pirenifoto.info\/boutique\/wp-json\/wp\/v2\/product_brand?post=1323"},{"taxonomy":"product_cat","embeddable":true,"href":"https:\/\/pirenifoto.info\/boutique\/wp-json\/wp\/v2\/product_cat?post=1323"},{"taxonomy":"product_tag","embeddable":true,"href":"https:\/\/pirenifoto.info\/boutique\/wp-json\/wp\/v2\/product_tag?post=1323"}],"curies":[{"name":"wp","href":"https:\/\/api.w.org\/{rel}","templated":true}]}}