{"id":1242,"date":"2025-09-22T15:06:21","date_gmt":"2025-09-22T15:06:21","guid":{"rendered":"https:\/\/pirenifoto.info\/boutique\/?post_type=product&#038;p=1242"},"modified":"2025-10-16T17:04:21","modified_gmt":"2025-10-16T17:04:21","slug":"photo-art-pic-jesus-mari","status":"publish","type":"product","link":"https:\/\/pirenifoto.info\/boutique\/produit\/photo-art-pic-jesus-mari\/","title":{"rendered":"photo-art-jesus-mari"},"content":{"rendered":"<p><img data-recalc-dims=\"1\" loading=\"lazy\" decoding=\"async\" src=\"https:\/\/i0.wp.com\/pirenifoto.info\/boutique\/wp-content\/uploads\/2025\/09\/Maria-jesus72.jpg?resize=200%2C300&#038;ssl=1\" alt=\"un enfant avec un maillot Christ regarde la Vierge \u00e0 Orisson\" width=\"200\" height=\"300\" class=\"alignnone size-medium wp-image-1231\" srcset=\"https:\/\/i0.wp.com\/pirenifoto.info\/boutique\/wp-content\/uploads\/2025\/09\/Maria-jesus72.jpg?resize=200%2C300&amp;ssl=1 200w, https:\/\/i0.wp.com\/pirenifoto.info\/boutique\/wp-content\/uploads\/2025\/09\/Maria-jesus72.jpg?w=320&amp;ssl=1 320w\" sizes=\"auto, (max-width: 200px) 100vw, 200px\" \/><\/p>\n","protected":false},"excerpt":{"rendered":"<p>Tirage photo NB &#8211; format 75&#215;100 cm &#8220;l&#8217;enfant Christ et la vierge&#8221; <\/p>\n","protected":false},"featured_media":1231,"comment_status":"closed","ping_status":"closed","template":"","meta":[],"product_brand":[],"product_cat":[164],"product_tag":[],"class_list":{"0":"post-1242","1":"product","2":"type-product","3":"status-publish","4":"has-post-thumbnail","6":"product_cat-art-collection","8":"first","9":"instock","10":"taxable","11":"shipping-taxable","12":"purchasable","13":"product-type-simple"},"yoast_head":"<!-- This site is optimized with the Yoast SEO plugin v27.3 - https:\/\/yoast.com\/product\/yoast-seo-wordpress\/ -->\n<title>photo-art-jesus-mari - Photos grands formats des Pyr\u00e9n\u00e9es<\/title>\n<meta name=\"description\" content=\"Photo de collection en noir et blanc par Christophe de Prada - format 100x75 cm sur papier Ilford - cadre slim - s\u00e9rie limit\u00e9e - 385\u20ac - livraison gratuite\" \/>\n<meta name=\"robots\" content=\"index, follow, max-snippet:-1, max-image-preview:large, max-video-preview:-1\" \/>\n<link rel=\"canonical\" href=\"https:\/\/pirenifoto.info\/boutique\/produit\/photo-art-pic-jesus-mari\/\" \/>\n<meta property=\"og:locale\" content=\"fr_FR\" \/>\n<meta property=\"og:type\" content=\"article\" \/>\n<meta property=\"og:title\" content=\"photo-art-jesus-mari - Photos grands formats des Pyr\u00e9n\u00e9es\" \/>\n<meta property=\"og:description\" content=\"Photo de collection en noir et blanc par Christophe de Prada - format 100x75 cm sur papier Ilford - cadre slim - s\u00e9rie limit\u00e9e - 385\u20ac - livraison gratuite\" \/>\n<meta property=\"og:url\" content=\"https:\/\/pirenifoto.info\/boutique\/produit\/photo-art-pic-jesus-mari\/\" \/>\n<meta property=\"og:site_name\" content=\"Photos grands formats des Pyr\u00e9n\u00e9es\" \/>\n<meta property=\"article:modified_time\" content=\"2025-10-16T17:04:21+00:00\" \/>\n<meta property=\"og:image\" content=\"https:\/\/pirenifoto.info\/boutique\/wp-content\/uploads\/2025\/09\/Maria-jesus72.jpg\" \/>\n\t<meta property=\"og:image:width\" content=\"320\" \/>\n\t<meta property=\"og:image:height\" content=\"480\" \/>\n\t<meta property=\"og:image:type\" content=\"image\/jpeg\" \/>\n<meta name=\"twitter:card\" content=\"summary_large_image\" \/>\n<meta name=\"twitter:site\" content=\"@pirenifoto\" \/>\n<meta name=\"twitter:label1\" content=\"Dur\u00e9e de lecture estim\u00e9e\" \/>\n\t<meta name=\"twitter:data1\" content=\"1 minute\" \/>\n<!-- \/ Yoast SEO plugin. -->","yoast_head_json":{"title":"photo-art-jesus-mari - Photos grands formats des Pyr\u00e9n\u00e9es","description":"Photo de collection en noir et blanc par Christophe de Prada - format 100x75 cm sur papier Ilford - cadre slim - s\u00e9rie limit\u00e9e - 385\u20ac - livraison gratuite","robots":{"index":"index","follow":"follow","max-snippet":"max-snippet:-1","max-image-preview":"max-image-preview:large","max-video-preview":"max-video-preview:-1"},"canonical":"https:\/\/pirenifoto.info\/boutique\/produit\/photo-art-pic-jesus-mari\/","og_locale":"fr_FR","og_type":"article","og_title":"photo-art-jesus-mari - Photos grands formats des Pyr\u00e9n\u00e9es","og_description":"Photo de collection en noir et blanc par Christophe de Prada - format 100x75 cm sur papier Ilford - cadre slim - s\u00e9rie limit\u00e9e - 385\u20ac - livraison gratuite","og_url":"https:\/\/pirenifoto.info\/boutique\/produit\/photo-art-pic-jesus-mari\/","og_site_name":"Photos grands formats des Pyr\u00e9n\u00e9es","article_modified_time":"2025-10-16T17:04:21+00:00","og_image":[{"width":320,"height":480,"url":"https:\/\/pirenifoto.info\/boutique\/wp-content\/uploads\/2025\/09\/Maria-jesus72.jpg","type":"image\/jpeg"}],"twitter_card":"summary_large_image","twitter_site":"@pirenifoto","twitter_misc":{"Dur\u00e9e de lecture estim\u00e9e":"1 minute"},"schema":{"@context":"https:\/\/schema.org","@graph":[{"@type":["WebPage","ItemPage"],"@id":"https:\/\/pirenifoto.info\/boutique\/produit\/photo-art-pic-jesus-mari\/","url":"https:\/\/pirenifoto.info\/boutique\/produit\/photo-art-pic-jesus-mari\/","name":"photo-art-jesus-mari - Photos grands formats des Pyr\u00e9n\u00e9es","isPartOf":{"@id":"https:\/\/pirenifoto.info\/boutique\/#website"},"primaryImageOfPage":{"@id":"https:\/\/pirenifoto.info\/boutique\/produit\/photo-art-pic-jesus-mari\/#primaryimage"},"image":{"@id":"https:\/\/pirenifoto.info\/boutique\/produit\/photo-art-pic-jesus-mari\/#primaryimage"},"thumbnailUrl":"https:\/\/i0.wp.com\/pirenifoto.info\/boutique\/wp-content\/uploads\/2025\/09\/Maria-jesus72.jpg?fit=320%2C480&ssl=1","datePublished":"2025-09-22T15:06:21+00:00","dateModified":"2025-10-16T17:04:21+00:00","description":"Photo de collection en noir et blanc par Christophe de Prada - format 100x75 cm sur papier Ilford - cadre slim - s\u00e9rie limit\u00e9e - 385\u20ac - livraison gratuite","breadcrumb":{"@id":"https:\/\/pirenifoto.info\/boutique\/produit\/photo-art-pic-jesus-mari\/#breadcrumb"},"inLanguage":"fr-FR","potentialAction":[{"@type":"ReadAction","target":["https:\/\/pirenifoto.info\/boutique\/produit\/photo-art-pic-jesus-mari\/"]}]},{"@type":"ImageObject","inLanguage":"fr-FR","@id":"https:\/\/pirenifoto.info\/boutique\/produit\/photo-art-pic-jesus-mari\/#primaryimage","url":"https:\/\/i0.wp.com\/pirenifoto.info\/boutique\/wp-content\/uploads\/2025\/09\/Maria-jesus72.jpg?fit=320%2C480&ssl=1","contentUrl":"https:\/\/i0.wp.com\/pirenifoto.info\/boutique\/wp-content\/uploads\/2025\/09\/Maria-jesus72.jpg?fit=320%2C480&ssl=1","width":320,"height":480},{"@type":"BreadcrumbList","@id":"https:\/\/pirenifoto.info\/boutique\/produit\/photo-art-pic-jesus-mari\/#breadcrumb","itemListElement":[{"@type":"ListItem","position":1,"name":"Accueil","item":"https:\/\/pirenifoto.info\/boutique\/"},{"@type":"ListItem","position":2,"name":"Boutique photos des Pyr\u00e9n\u00e9es","item":"https:\/\/pirenifoto.info\/boutique\/"},{"@type":"ListItem","position":3,"name":"Art Collection","item":"https:\/\/pirenifoto.info\/boutique\/photo\/art-collection\/"},{"@type":"ListItem","position":4,"name":"photo-art-jesus-mari"}]},{"@type":"WebSite","@id":"https:\/\/pirenifoto.info\/boutique\/#website","url":"https:\/\/pirenifoto.info\/boutique\/","name":"pirenifoto.info\/boutique","description":"Pirenifoto - Christophe de Prada","publisher":{"@id":"https:\/\/pirenifoto.info\/boutique\/#organization"},"alternateName":"boutique photo Pirenifoto","potentialAction":[{"@type":"SearchAction","target":{"@type":"EntryPoint","urlTemplate":"https:\/\/pirenifoto.info\/boutique\/?s={search_term_string}"},"query-input":{"@type":"PropertyValueSpecification","valueRequired":true,"valueName":"search_term_string"}}],"inLanguage":"fr-FR"},{"@type":"Organization","@id":"https:\/\/pirenifoto.info\/boutique\/#organization","name":"Photos grands formats des Pyr\u00e9n\u00e9es","alternateName":"photos des Pyr\u00e9n\u00e9es par Christophe de Prada","url":"https:\/\/pirenifoto.info\/boutique\/","logo":{"@type":"ImageObject","inLanguage":"fr-FR","@id":"https:\/\/pirenifoto.info\/boutique\/#\/schema\/logo\/image\/","url":"https:\/\/pirenifoto.info\/boutique\/wp-content\/uploads\/2025\/06\/new-logo72.jpg","contentUrl":"https:\/\/pirenifoto.info\/boutique\/wp-content\/uploads\/2025\/06\/new-logo72.jpg","width":512,"height":512,"caption":"Photos grands formats des Pyr\u00e9n\u00e9es"},"image":{"@id":"https:\/\/pirenifoto.info\/boutique\/#\/schema\/logo\/image\/"},"sameAs":["https:\/\/x.com\/pirenifoto","https:\/\/www.tiktok.com\/@pirenifoto"]}]}},"_links":{"self":[{"href":"https:\/\/pirenifoto.info\/boutique\/wp-json\/wp\/v2\/product\/1242","targetHints":{"allow":["GET"]}}],"collection":[{"href":"https:\/\/pirenifoto.info\/boutique\/wp-json\/wp\/v2\/product"}],"about":[{"href":"https:\/\/pirenifoto.info\/boutique\/wp-json\/wp\/v2\/types\/product"}],"replies":[{"embeddable":true,"href":"https:\/\/pirenifoto.info\/boutique\/wp-json\/wp\/v2\/comments?post=1242"}],"wp:featuredmedia":[{"embeddable":true,"href":"https:\/\/pirenifoto.info\/boutique\/wp-json\/wp\/v2\/media\/1231"}],"wp:attachment":[{"href":"https:\/\/pirenifoto.info\/boutique\/wp-json\/wp\/v2\/media?parent=1242"}],"wp:term":[{"taxonomy":"product_brand","embeddable":true,"href":"https:\/\/pirenifoto.info\/boutique\/wp-json\/wp\/v2\/product_brand?post=1242"},{"taxonomy":"product_cat","embeddable":true,"href":"https:\/\/pirenifoto.info\/boutique\/wp-json\/wp\/v2\/product_cat?post=1242"},{"taxonomy":"product_tag","embeddable":true,"href":"https:\/\/pirenifoto.info\/boutique\/wp-json\/wp\/v2\/product_tag?post=1242"}],"curies":[{"name":"wp","href":"https:\/\/api.w.org\/{rel}","templated":true}]}}