{"id":1171,"date":"2025-08-06T17:30:24","date_gmt":"2025-08-06T17:30:24","guid":{"rendered":"https:\/\/pirenifoto.info\/boutique\/?post_type=product&#038;p=1171"},"modified":"2025-08-29T13:16:16","modified_gmt":"2025-08-29T13:16:16","slug":"photo-panoramique-bisaurin","status":"publish","type":"product","link":"https:\/\/pirenifoto.info\/boutique\/produit\/photo-panoramique-bisaurin\/","title":{"rendered":"photo-panoramique-Bisaurin"},"content":{"rendered":"<p><img data-recalc-dims=\"1\" loading=\"lazy\" decoding=\"async\" src=\"https:\/\/i0.wp.com\/pirenifoto.info\/boutique\/wp-content\/uploads\/2025\/08\/pano_bisaurin72.jpg?resize=300%2C80&#038;ssl=1\" alt=\"\" width=\"300\" height=\"80\" class=\"alignnone size-medium wp-image-1172\" srcset=\"https:\/\/i0.wp.com\/pirenifoto.info\/boutique\/wp-content\/uploads\/2025\/08\/pano_bisaurin72.jpg?resize=300%2C80&amp;ssl=1 300w, https:\/\/i0.wp.com\/pirenifoto.info\/boutique\/wp-content\/uploads\/2025\/08\/pano_bisaurin72.jpg?w=547&amp;ssl=1 547w\" sizes=\"auto, (max-width: 300px) 100vw, 300px\" \/><\/p>\n","protected":false},"excerpt":{"rendered":"<p>tirage pano sur Forex 5mm &#8211; format 80&#215;20 cm<\/p>\n","protected":false},"featured_media":1173,"comment_status":"closed","ping_status":"closed","template":"","meta":[],"product_brand":[],"product_cat":[25],"product_tag":[303],"class_list":{"0":"post-1171","1":"product","2":"type-product","3":"status-publish","4":"has-post-thumbnail","6":"product_cat-tirages-panoramiques","7":"product_tag-photo-panoramique-pyrenees-format-80x20-cm","9":"first","10":"instock","11":"sale","12":"taxable","13":"shipping-taxable","14":"purchasable","15":"product-type-simple"},"yoast_head":"<!-- This site is optimized with the Yoast SEO plugin v27.3 - https:\/\/yoast.com\/product\/yoast-seo-wordpress\/ -->\n<title>photo-panoramique-Bisaurin - Photos grands formats des Pyr\u00e9n\u00e9es<\/title>\n<meta name=\"description\" content=\"tirage photo panoramique du Bisaurin depuis le puerto de Jaca dans les Pyr\u00e9n\u00e9es aragonaises - format 80x20 cm - pr\u00eat \u00e0 l&#039;accrochage\" \/>\n<meta name=\"robots\" content=\"index, follow, max-snippet:-1, max-image-preview:large, max-video-preview:-1\" \/>\n<link rel=\"canonical\" href=\"https:\/\/pirenifoto.info\/boutique\/produit\/photo-panoramique-bisaurin\/\" \/>\n<meta property=\"og:locale\" content=\"fr_FR\" \/>\n<meta property=\"og:type\" content=\"article\" \/>\n<meta property=\"og:title\" content=\"photo-panoramique-Bisaurin - Photos grands formats des Pyr\u00e9n\u00e9es\" \/>\n<meta property=\"og:description\" content=\"tirage photo panoramique du Bisaurin depuis le puerto de Jaca dans les Pyr\u00e9n\u00e9es aragonaises - format 80x20 cm - pr\u00eat \u00e0 l&#039;accrochage\" \/>\n<meta property=\"og:url\" content=\"https:\/\/pirenifoto.info\/boutique\/produit\/photo-panoramique-bisaurin\/\" \/>\n<meta property=\"og:site_name\" content=\"Photos grands formats des Pyr\u00e9n\u00e9es\" \/>\n<meta property=\"article:modified_time\" content=\"2025-08-29T13:16:16+00:00\" \/>\n<meta property=\"og:image\" content=\"https:\/\/pirenifoto.info\/boutique\/wp-content\/uploads\/2025\/08\/pano-alto-aragon72.jpg\" \/>\n\t<meta property=\"og:image:width\" content=\"547\" \/>\n\t<meta property=\"og:image:height\" content=\"154\" \/>\n\t<meta property=\"og:image:type\" content=\"image\/jpeg\" \/>\n<meta name=\"twitter:card\" content=\"summary_large_image\" \/>\n<meta name=\"twitter:site\" content=\"@pirenifoto\" \/>\n<meta name=\"twitter:label1\" content=\"Dur\u00e9e de lecture estim\u00e9e\" \/>\n\t<meta name=\"twitter:data1\" content=\"1 minute\" \/>\n<!-- \/ Yoast SEO plugin. -->","yoast_head_json":{"title":"photo-panoramique-Bisaurin - Photos grands formats des Pyr\u00e9n\u00e9es","description":"tirage photo panoramique du Bisaurin depuis le puerto de Jaca dans les Pyr\u00e9n\u00e9es aragonaises - format 80x20 cm - pr\u00eat \u00e0 l'accrochage","robots":{"index":"index","follow":"follow","max-snippet":"max-snippet:-1","max-image-preview":"max-image-preview:large","max-video-preview":"max-video-preview:-1"},"canonical":"https:\/\/pirenifoto.info\/boutique\/produit\/photo-panoramique-bisaurin\/","og_locale":"fr_FR","og_type":"article","og_title":"photo-panoramique-Bisaurin - Photos grands formats des Pyr\u00e9n\u00e9es","og_description":"tirage photo panoramique du Bisaurin depuis le puerto de Jaca dans les Pyr\u00e9n\u00e9es aragonaises - format 80x20 cm - pr\u00eat \u00e0 l'accrochage","og_url":"https:\/\/pirenifoto.info\/boutique\/produit\/photo-panoramique-bisaurin\/","og_site_name":"Photos grands formats des Pyr\u00e9n\u00e9es","article_modified_time":"2025-08-29T13:16:16+00:00","og_image":[{"width":547,"height":154,"url":"https:\/\/pirenifoto.info\/boutique\/wp-content\/uploads\/2025\/08\/pano-alto-aragon72.jpg","type":"image\/jpeg"}],"twitter_card":"summary_large_image","twitter_site":"@pirenifoto","twitter_misc":{"Dur\u00e9e de lecture estim\u00e9e":"1 minute"},"schema":{"@context":"https:\/\/schema.org","@graph":[{"@type":["WebPage","ItemPage"],"@id":"https:\/\/pirenifoto.info\/boutique\/produit\/photo-panoramique-bisaurin\/","url":"https:\/\/pirenifoto.info\/boutique\/produit\/photo-panoramique-bisaurin\/","name":"photo-panoramique-Bisaurin - Photos grands formats des Pyr\u00e9n\u00e9es","isPartOf":{"@id":"https:\/\/pirenifoto.info\/boutique\/#website"},"primaryImageOfPage":{"@id":"https:\/\/pirenifoto.info\/boutique\/produit\/photo-panoramique-bisaurin\/#primaryimage"},"image":{"@id":"https:\/\/pirenifoto.info\/boutique\/produit\/photo-panoramique-bisaurin\/#primaryimage"},"thumbnailUrl":"https:\/\/i0.wp.com\/pirenifoto.info\/boutique\/wp-content\/uploads\/2025\/08\/pano-alto-aragon72.jpg?fit=547%2C154&ssl=1","datePublished":"2025-08-06T17:30:24+00:00","dateModified":"2025-08-29T13:16:16+00:00","description":"tirage photo panoramique du Bisaurin depuis le puerto de Jaca dans les Pyr\u00e9n\u00e9es aragonaises - format 80x20 cm - pr\u00eat \u00e0 l'accrochage","breadcrumb":{"@id":"https:\/\/pirenifoto.info\/boutique\/produit\/photo-panoramique-bisaurin\/#breadcrumb"},"inLanguage":"fr-FR","potentialAction":[{"@type":"ReadAction","target":["https:\/\/pirenifoto.info\/boutique\/produit\/photo-panoramique-bisaurin\/"]}]},{"@type":"ImageObject","inLanguage":"fr-FR","@id":"https:\/\/pirenifoto.info\/boutique\/produit\/photo-panoramique-bisaurin\/#primaryimage","url":"https:\/\/i0.wp.com\/pirenifoto.info\/boutique\/wp-content\/uploads\/2025\/08\/pano-alto-aragon72.jpg?fit=547%2C154&ssl=1","contentUrl":"https:\/\/i0.wp.com\/pirenifoto.info\/boutique\/wp-content\/uploads\/2025\/08\/pano-alto-aragon72.jpg?fit=547%2C154&ssl=1","width":547,"height":154},{"@type":"BreadcrumbList","@id":"https:\/\/pirenifoto.info\/boutique\/produit\/photo-panoramique-bisaurin\/#breadcrumb","itemListElement":[{"@type":"ListItem","position":1,"name":"Accueil","item":"https:\/\/pirenifoto.info\/boutique\/"},{"@type":"ListItem","position":2,"name":"Boutique photos des Pyr\u00e9n\u00e9es","item":"https:\/\/pirenifoto.info\/boutique\/"},{"@type":"ListItem","position":3,"name":"photos panoramiques 80x20 cm","item":"https:\/\/pirenifoto.info\/boutique\/photo\/tirages-panoramiques\/"},{"@type":"ListItem","position":4,"name":"photo-panoramique-Bisaurin"}]},{"@type":"WebSite","@id":"https:\/\/pirenifoto.info\/boutique\/#website","url":"https:\/\/pirenifoto.info\/boutique\/","name":"pirenifoto.info\/boutique","description":"Pirenifoto - Christophe de Prada","publisher":{"@id":"https:\/\/pirenifoto.info\/boutique\/#organization"},"alternateName":"boutique photo Pirenifoto","potentialAction":[{"@type":"SearchAction","target":{"@type":"EntryPoint","urlTemplate":"https:\/\/pirenifoto.info\/boutique\/?s={search_term_string}"},"query-input":{"@type":"PropertyValueSpecification","valueRequired":true,"valueName":"search_term_string"}}],"inLanguage":"fr-FR"},{"@type":"Organization","@id":"https:\/\/pirenifoto.info\/boutique\/#organization","name":"Photos grands formats des Pyr\u00e9n\u00e9es","alternateName":"photos des Pyr\u00e9n\u00e9es par Christophe de Prada","url":"https:\/\/pirenifoto.info\/boutique\/","logo":{"@type":"ImageObject","inLanguage":"fr-FR","@id":"https:\/\/pirenifoto.info\/boutique\/#\/schema\/logo\/image\/","url":"https:\/\/pirenifoto.info\/boutique\/wp-content\/uploads\/2025\/06\/new-logo72.jpg","contentUrl":"https:\/\/pirenifoto.info\/boutique\/wp-content\/uploads\/2025\/06\/new-logo72.jpg","width":512,"height":512,"caption":"Photos grands formats des Pyr\u00e9n\u00e9es"},"image":{"@id":"https:\/\/pirenifoto.info\/boutique\/#\/schema\/logo\/image\/"},"sameAs":["https:\/\/x.com\/pirenifoto","https:\/\/www.tiktok.com\/@pirenifoto"]}]}},"_links":{"self":[{"href":"https:\/\/pirenifoto.info\/boutique\/wp-json\/wp\/v2\/product\/1171","targetHints":{"allow":["GET"]}}],"collection":[{"href":"https:\/\/pirenifoto.info\/boutique\/wp-json\/wp\/v2\/product"}],"about":[{"href":"https:\/\/pirenifoto.info\/boutique\/wp-json\/wp\/v2\/types\/product"}],"replies":[{"embeddable":true,"href":"https:\/\/pirenifoto.info\/boutique\/wp-json\/wp\/v2\/comments?post=1171"}],"wp:featuredmedia":[{"embeddable":true,"href":"https:\/\/pirenifoto.info\/boutique\/wp-json\/wp\/v2\/media\/1173"}],"wp:attachment":[{"href":"https:\/\/pirenifoto.info\/boutique\/wp-json\/wp\/v2\/media?parent=1171"}],"wp:term":[{"taxonomy":"product_brand","embeddable":true,"href":"https:\/\/pirenifoto.info\/boutique\/wp-json\/wp\/v2\/product_brand?post=1171"},{"taxonomy":"product_cat","embeddable":true,"href":"https:\/\/pirenifoto.info\/boutique\/wp-json\/wp\/v2\/product_cat?post=1171"},{"taxonomy":"product_tag","embeddable":true,"href":"https:\/\/pirenifoto.info\/boutique\/wp-json\/wp\/v2\/product_tag?post=1171"}],"curies":[{"name":"wp","href":"https:\/\/api.w.org\/{rel}","templated":true}]}}