{"id":2,"date":"2022-10-19T19:45:10","date_gmt":"2022-10-19T19:45:10","guid":{"rendered":"https:\/\/pirenifoto.info\/boutique\/?page_id=2"},"modified":"2023-08-19T14:17:16","modified_gmt":"2023-08-19T14:17:16","slug":"livraison-retours","status":"publish","type":"page","link":"https:\/\/pirenifoto.info\/boutique\/livraison-retours\/","title":{"rendered":"Livraison et politique de retours"},"content":{"rendered":"<p><\/p>\n<p>La boutique Pirenifoto applique une politique de livraison gratuite sur le territoire fran\u00e7ais. Des frais d&#8217;exp\u00e9dition sont appliqu\u00e9s pour les autres pays.<\/p>\n<p><\/p><h1>\u00c0 propos de notre politique de retours<\/h1>\n<p>Si vous constatez \u00e0 la r\u00e9ception de votre achat un d\u00e9faut de finition, nous vous conseillons de prendre une photo et de nous l&#8217;envoyer \u00e0 <a href=\"mailto:contact@pirenifoto.info\">contact@pirenifoto.info<\/a>. Si le d\u00e9faut est constat\u00e9, nous effectuerons un remboursement, pour un produit exp\u00e9di\u00e9 par Pirenifoto et les laboratoires photos partenaires, dans un d\u00e9lai<br>\n         maximum de 14 jours et le confirmerons par un e-mail. Votre remboursement<br>\n         sera visible sur le moyen de paiement d&#8217;origine jusqu&#8217;\u00e0 7 jours ouvr\u00e9s apr\u00e8s le remboursement.<br>\n         Dans certaines circonstances, les d\u00e9lais de remboursement peuvent \u00eatre plus longs. <br><\/p>\n<section>\n<br>\n<\/section>","protected":false},"excerpt":{"rendered":"<p>La boutique Pirenifoto applique une politique de livraison gratuite sur le territoire fran\u00e7ais. Des frais d&#8217;exp\u00e9dition sont appliqu\u00e9s pour les autres pays. \u00c0 propos de notre politique de retours Si vous constatez \u00e0 la r\u00e9ception de votre achat un d\u00e9faut de finition, nous vous conseillons de prendre une photo et de nous l&#8217;envoyer \u00e0 contact@pirenifoto.info.&hellip;<\/p>\n","protected":false},"author":1,"featured_media":0,"parent":0,"menu_order":0,"comment_status":"closed","ping_status":"closed","template":"","meta":{"footnotes":""},"class_list":["post-2","page","type-page","status-publish","hentry"],"yoast_head":"<!-- This site is optimized with the Yoast SEO plugin v27.4 - https:\/\/yoast.com\/product\/yoast-seo-wordpress\/ -->\n<title>Livraison et politique de retours - Photos grands formats des Pyr\u00e9n\u00e9es<\/title>\n<meta name=\"robots\" content=\"index, follow, max-snippet:-1, max-image-preview:large, max-video-preview:-1\" \/>\n<link rel=\"canonical\" href=\"https:\/\/pirenifoto.info\/boutique\/livraison-retours\/\" \/>\n<meta property=\"og:locale\" content=\"fr_FR\" \/>\n<meta property=\"og:type\" content=\"article\" \/>\n<meta property=\"og:title\" content=\"Livraison et politique de retours - Photos grands formats des Pyr\u00e9n\u00e9es\" \/>\n<meta property=\"og:url\" content=\"https:\/\/pirenifoto.info\/boutique\/livraison-retours\/\" \/>\n<meta property=\"og:site_name\" content=\"Photos grands formats des Pyr\u00e9n\u00e9es\" \/>\n<meta property=\"article:modified_time\" content=\"2023-08-19T14:17:16+00:00\" \/>\n<meta property=\"og:image\" content=\"https:\/\/i0.wp.com\/pirenifoto.info\/boutique\/wp-content\/uploads\/2024\/08\/losko-eki72.jpg?fit=400%2C267&ssl=1\" \/>\n\t<meta property=\"og:image:width\" content=\"400\" \/>\n\t<meta property=\"og:image:height\" content=\"267\" \/>\n\t<meta property=\"og:image:type\" content=\"image\/jpeg\" \/>\n<meta name=\"twitter:card\" content=\"summary_large_image\" \/>\n<meta name=\"twitter:site\" content=\"@pirenifoto\" \/>\n<meta name=\"twitter:label1\" content=\"Dur\u00e9e de lecture estim\u00e9e\" \/>\n\t<meta name=\"twitter:data1\" content=\"1 minute\" \/>\n<!-- \/ Yoast SEO plugin. -->","yoast_head_json":{"title":"Livraison et politique de retours - Photos grands formats des Pyr\u00e9n\u00e9es","robots":{"index":"index","follow":"follow","max-snippet":"max-snippet:-1","max-image-preview":"max-image-preview:large","max-video-preview":"max-video-preview:-1"},"canonical":"https:\/\/pirenifoto.info\/boutique\/livraison-retours\/","og_locale":"fr_FR","og_type":"article","og_title":"Livraison et politique de retours - Photos grands formats des Pyr\u00e9n\u00e9es","og_url":"https:\/\/pirenifoto.info\/boutique\/livraison-retours\/","og_site_name":"Photos grands formats des Pyr\u00e9n\u00e9es","article_modified_time":"2023-08-19T14:17:16+00:00","og_image":[{"width":400,"height":267,"url":"https:\/\/i0.wp.com\/pirenifoto.info\/boutique\/wp-content\/uploads\/2024\/08\/losko-eki72.jpg?fit=400%2C267&ssl=1","type":"image\/jpeg"}],"twitter_card":"summary_large_image","twitter_site":"@pirenifoto","twitter_misc":{"Dur\u00e9e de lecture estim\u00e9e":"1 minute"},"schema":{"@context":"https:\/\/schema.org","@graph":[{"@type":"WebPage","@id":"https:\/\/pirenifoto.info\/boutique\/livraison-retours\/","url":"https:\/\/pirenifoto.info\/boutique\/livraison-retours\/","name":"Livraison et politique de retours - Photos grands formats des Pyr\u00e9n\u00e9es","isPartOf":{"@id":"https:\/\/pirenifoto.info\/boutique\/#website"},"datePublished":"2022-10-19T19:45:10+00:00","dateModified":"2023-08-19T14:17:16+00:00","breadcrumb":{"@id":"https:\/\/pirenifoto.info\/boutique\/livraison-retours\/#breadcrumb"},"inLanguage":"fr-FR","potentialAction":[{"@type":"ReadAction","target":["https:\/\/pirenifoto.info\/boutique\/livraison-retours\/"]}]},{"@type":"BreadcrumbList","@id":"https:\/\/pirenifoto.info\/boutique\/livraison-retours\/#breadcrumb","itemListElement":[{"@type":"ListItem","position":1,"name":"Accueil","item":"https:\/\/pirenifoto.info\/boutique\/"},{"@type":"ListItem","position":2,"name":"Livraison et politique de retours"}]},{"@type":"WebSite","@id":"https:\/\/pirenifoto.info\/boutique\/#website","url":"https:\/\/pirenifoto.info\/boutique\/","name":"pirenifoto.info\/boutique","description":"Pirenifoto - Christophe de Prada","publisher":{"@id":"https:\/\/pirenifoto.info\/boutique\/#organization"},"alternateName":"boutique photo Pirenifoto","potentialAction":[{"@type":"SearchAction","target":{"@type":"EntryPoint","urlTemplate":"https:\/\/pirenifoto.info\/boutique\/?s={search_term_string}"},"query-input":{"@type":"PropertyValueSpecification","valueRequired":true,"valueName":"search_term_string"}}],"inLanguage":"fr-FR"},{"@type":"Organization","@id":"https:\/\/pirenifoto.info\/boutique\/#organization","name":"Photos grands formats des Pyr\u00e9n\u00e9es","alternateName":"photos des Pyr\u00e9n\u00e9es par Christophe de Prada","url":"https:\/\/pirenifoto.info\/boutique\/","logo":{"@type":"ImageObject","inLanguage":"fr-FR","@id":"https:\/\/pirenifoto.info\/boutique\/#\/schema\/logo\/image\/","url":"https:\/\/pirenifoto.info\/boutique\/wp-content\/uploads\/2025\/06\/new-logo72.jpg","contentUrl":"https:\/\/pirenifoto.info\/boutique\/wp-content\/uploads\/2025\/06\/new-logo72.jpg","width":512,"height":512,"caption":"Photos grands formats des Pyr\u00e9n\u00e9es"},"image":{"@id":"https:\/\/pirenifoto.info\/boutique\/#\/schema\/logo\/image\/"},"sameAs":["https:\/\/x.com\/pirenifoto","https:\/\/www.tiktok.com\/@pirenifoto"]}]}},"_links":{"self":[{"href":"https:\/\/pirenifoto.info\/boutique\/wp-json\/wp\/v2\/pages\/2","targetHints":{"allow":["GET"]}}],"collection":[{"href":"https:\/\/pirenifoto.info\/boutique\/wp-json\/wp\/v2\/pages"}],"about":[{"href":"https:\/\/pirenifoto.info\/boutique\/wp-json\/wp\/v2\/types\/page"}],"author":[{"embeddable":true,"href":"https:\/\/pirenifoto.info\/boutique\/wp-json\/wp\/v2\/users\/1"}],"replies":[{"embeddable":true,"href":"https:\/\/pirenifoto.info\/boutique\/wp-json\/wp\/v2\/comments?post=2"}],"version-history":[{"count":0,"href":"https:\/\/pirenifoto.info\/boutique\/wp-json\/wp\/v2\/pages\/2\/revisions"}],"wp:attachment":[{"href":"https:\/\/pirenifoto.info\/boutique\/wp-json\/wp\/v2\/media?parent=2"}],"curies":[{"name":"wp","href":"https:\/\/api.w.org\/{rel}","templated":true}]}}